{"id":352,"date":"2017-08-04T15:46:05","date_gmt":"2017-08-04T13:46:05","guid":{"rendered":"http:\/\/www.melioris.ch\/operative-beratung\/"},"modified":"2023-04-12T15:18:07","modified_gmt":"2023-04-12T13:18:07","slug":"conseil-operationnel","status":"publish","type":"page","link":"http:\/\/www.melioris.ch\/fr\/nos-prestations\/conseil-operationnel\/","title":{"rendered":"Conseil op\u00e9rationnel"},"content":{"rendered":"<div id=\"pl-352\"  class=\"panel-layout\" ><div id=\"pg-352-0\"  class=\"panel-grid panel-no-style\" ><div id=\"pgc-352-0-0\"  class=\"panel-grid-cell\" ><div id=\"panel-352-0-0-0\" class=\"so-panel widget widget_sow-editor panel-first-child panel-last-child\" data-index=\"0\" ><div\n\t\t\t\n\t\t\tclass=\"so-widget-sow-editor so-widget-sow-editor-base\"\n\t\t\t\n\t\t>\n<div class=\"siteorigin-widget-tinymce textwidget\">\n\t<p>Melioris est le partenaire achats de nos clients en proposant des prestations tr\u00e8s op\u00e9rationnelles avec comme objectif des r\u00e9sultats et des livrables tr\u00e8s concrets. Ces prestations englobent notamment :<\/p>\n<ul>\n<li>Le Sourcing de nouveaux fournisseurs<\/li>\n<li>L\u2019analyse de portefeuilles fournisseurs<\/li>\n<li>Des comparatifs de prix de march\u00e9 (Benchmarking) et des analyses structures de co\u00fbts (Costing)<\/li>\n<li>L\u2019int\u00e9gration de crit\u00e8res de durabilit\u00e9 dans les cahiers des charges achats<\/li>\n<li><a href=\"https:\/\/www.melioris.pro\/accueil.html\">La mise \u00e0 disposition temporaire de ressources achats<\/a><\/li>\n<\/ul>\n<\/div>\n<\/div><\/div><\/div><div id=\"pgc-352-0-1\"  class=\"panel-grid-cell\" ><div id=\"panel-352-0-1-0\" class=\"so-panel widget widget_sow-image panel-first-child panel-last-child\" data-index=\"1\" ><div\n\t\t\t\n\t\t\tclass=\"so-widget-sow-image so-widget-sow-image-default-dbf295114b96-352\"\n\t\t\t\n\t\t>\n<div class=\"sow-image-container\">\n\t\t<img \n\tsrc=\"http:\/\/www.melioris.ch\/wp-content\/uploads\/2017\/12\/conseil-operationnel.svg\" alt=\"\" \t\tclass=\"so-widget-image\"\/>\n\t<\/div>\n\n<\/div><\/div><\/div><\/div><\/div>","protected":false},"excerpt":{"rendered":"<p>Melioris est le partenaire achats de nos clients en proposant des prestations tr\u00e8s op\u00e9rationnelles avec comme objectif des r\u00e9sultats et des livrables tr\u00e8s concrets. Ces prestations englobent notamment : Le Sourcing de nouveaux fournisseurs L\u2019analyse de portefeuilles fournisseurs Des comparatifs de prix de march\u00e9 (Benchmarking) et des analyses structures de co\u00fbts (Costing) L\u2019int\u00e9gration de crit\u00e8res [&hellip;]<\/p>\n","protected":false},"author":1,"featured_media":2157,"parent":355,"menu_order":3,"comment_status":"closed","ping_status":"closed","template":"","meta":{"_acf_changed":false,"footnotes":""},"class_list":["post-352","page","type-page","status-publish","has-post-thumbnail","hentry"],"acf":[],"aioseo_notices":[],"_links":{"self":[{"href":"http:\/\/www.melioris.ch\/fr\/wp-json\/wp\/v2\/pages\/352","targetHints":{"allow":["GET"]}}],"collection":[{"href":"http:\/\/www.melioris.ch\/fr\/wp-json\/wp\/v2\/pages"}],"about":[{"href":"http:\/\/www.melioris.ch\/fr\/wp-json\/wp\/v2\/types\/page"}],"author":[{"embeddable":true,"href":"http:\/\/www.melioris.ch\/fr\/wp-json\/wp\/v2\/users\/1"}],"replies":[{"embeddable":true,"href":"http:\/\/www.melioris.ch\/fr\/wp-json\/wp\/v2\/comments?post=352"}],"version-history":[{"count":5,"href":"http:\/\/www.melioris.ch\/fr\/wp-json\/wp\/v2\/pages\/352\/revisions"}],"predecessor-version":[{"id":3258,"href":"http:\/\/www.melioris.ch\/fr\/wp-json\/wp\/v2\/pages\/352\/revisions\/3258"}],"up":[{"embeddable":true,"href":"http:\/\/www.melioris.ch\/fr\/wp-json\/wp\/v2\/pages\/355"}],"wp:featuredmedia":[{"embeddable":true,"href":"http:\/\/www.melioris.ch\/fr\/wp-json\/wp\/v2\/media\/2157"}],"wp:attachment":[{"href":"http:\/\/www.melioris.ch\/fr\/wp-json\/wp\/v2\/media?parent=352"}],"curies":[{"name":"wp","href":"https:\/\/api.w.org\/{rel}","templated":true}]}}