{"id":362,"date":"2017-08-04T15:46:16","date_gmt":"2017-08-04T13:46:16","guid":{"rendered":"http:\/\/www.melioris.ch\/services\/einkaufsorganisation\/"},"modified":"2023-04-12T17:59:10","modified_gmt":"2023-04-12T15:59:10","slug":"conseil-organisationnel","status":"publish","type":"page","link":"http:\/\/www.melioris.ch\/fr\/nos-prestations\/conseil-organisationnel\/","title":{"rendered":"Conseil organisationnel"},"content":{"rendered":"<div id=\"pl-362\"  class=\"panel-layout\" ><div id=\"pg-362-0\"  class=\"panel-grid panel-no-style\" ><div id=\"pgc-362-0-0\"  class=\"panel-grid-cell\" ><div id=\"panel-362-0-0-0\" class=\"so-panel widget widget_sow-editor panel-first-child panel-last-child\" data-index=\"0\" ><div\n\t\t\t\n\t\t\tclass=\"so-widget-sow-editor so-widget-sow-editor-base\"\n\t\t\t\n\t\t>\n<div class=\"siteorigin-widget-tinymce textwidget\">\n\t<p>Le conseil organisationnel de la fonction achats men\u00e9 par Melioris a pour but de renforcer la cr\u00e9ation de valeur des achats au sein de l\u2019organisation. En fonction de la strat\u00e9gie de la direction achats ou direction g\u00e9n\u00e9rale de notre client, Melioris r\u00e9alise un diagnostic puis \u00e9labore des plans d\u2019actions conformes aux objectifs valid\u00e9s par la direction. Melioris contribue \u00e9galement \u00e0 l\u2019impl\u00e9mentation de ces plans d\u2019actions et \u00e0 l\u2019accompagnement des \u00e9quipes du client dans la phase de changement.<\/p>\n<div>Melioris peut \u00e9galement vous assister dans le <a tabindex=\"-1\" title=\"https:\/\/www.melioris.pro\/clients-fr.html\" href=\"https:\/\/www.melioris.pro\/accueil.html\" target=\"_blank\" rel=\"noreferrer noopener\">recrutement de vos nouveaux collaborateurs aux achats<\/a>.<\/div>\n<\/div>\n<\/div><\/div><\/div><div id=\"pgc-362-0-1\"  class=\"panel-grid-cell\" ><div id=\"panel-362-0-1-0\" class=\"so-panel widget widget_sow-image panel-first-child panel-last-child\" data-index=\"1\" ><div\n\t\t\t\n\t\t\tclass=\"so-widget-sow-image so-widget-sow-image-default-a258e6bfa2d8-362\"\n\t\t\t\n\t\t>\n<div class=\"sow-image-container\">\n\t\t<img \n\tsrc=\"http:\/\/www.melioris.ch\/wp-content\/uploads\/2017\/12\/conseil-organisationnel.svg\" alt=\"\" \t\tclass=\"so-widget-image\"\/>\n\t<\/div>\n\n<\/div><\/div><\/div><\/div><\/div>","protected":false},"excerpt":{"rendered":"<p>Le conseil organisationnel de la fonction achats men\u00e9 par Melioris a pour but de renforcer la cr\u00e9ation de valeur des achats au sein de l\u2019organisation. En fonction de la strat\u00e9gie de la direction achats ou direction g\u00e9n\u00e9rale de notre client, Melioris r\u00e9alise un diagnostic puis \u00e9labore des plans d\u2019actions conformes aux objectifs valid\u00e9s par la [&hellip;]<\/p>\n","protected":false},"author":1,"featured_media":2942,"parent":355,"menu_order":4,"comment_status":"closed","ping_status":"closed","template":"","meta":{"_acf_changed":false,"footnotes":""},"class_list":["post-362","page","type-page","status-publish","has-post-thumbnail","hentry"],"acf":[],"aioseo_notices":[],"_links":{"self":[{"href":"http:\/\/www.melioris.ch\/fr\/wp-json\/wp\/v2\/pages\/362","targetHints":{"allow":["GET"]}}],"collection":[{"href":"http:\/\/www.melioris.ch\/fr\/wp-json\/wp\/v2\/pages"}],"about":[{"href":"http:\/\/www.melioris.ch\/fr\/wp-json\/wp\/v2\/types\/page"}],"author":[{"embeddable":true,"href":"http:\/\/www.melioris.ch\/fr\/wp-json\/wp\/v2\/users\/1"}],"replies":[{"embeddable":true,"href":"http:\/\/www.melioris.ch\/fr\/wp-json\/wp\/v2\/comments?post=362"}],"version-history":[{"count":5,"href":"http:\/\/www.melioris.ch\/fr\/wp-json\/wp\/v2\/pages\/362\/revisions"}],"predecessor-version":[{"id":3312,"href":"http:\/\/www.melioris.ch\/fr\/wp-json\/wp\/v2\/pages\/362\/revisions\/3312"}],"up":[{"embeddable":true,"href":"http:\/\/www.melioris.ch\/fr\/wp-json\/wp\/v2\/pages\/355"}],"wp:featuredmedia":[{"embeddable":true,"href":"http:\/\/www.melioris.ch\/fr\/wp-json\/wp\/v2\/media\/2942"}],"wp:attachment":[{"href":"http:\/\/www.melioris.ch\/fr\/wp-json\/wp\/v2\/media?parent=362"}],"curies":[{"name":"wp","href":"https:\/\/api.w.org\/{rel}","templated":true}]}}