{"id":773,"date":"2017-06-27T11:28:26","date_gmt":"2017-06-27T09:28:26","guid":{"rendered":"http:\/\/www.melioris.ch\/impressum\/"},"modified":"2018-01-04T13:42:21","modified_gmt":"2018-01-04T12:42:21","slug":"empreinte","status":"publish","type":"page","link":"http:\/\/www.melioris.ch\/fr\/empreinte\/","title":{"rendered":"Empreinte"},"content":{"rendered":"<div id=\"pl-773\"  class=\"panel-layout\" ><div id=\"pg-773-0\"  class=\"panel-grid panel-no-style\" ><div id=\"pgc-773-0-0\"  class=\"panel-grid-cell\" ><div id=\"panel-773-0-0-0\" class=\"so-panel widget widget_sow-editor panel-first-child panel-last-child\" data-index=\"0\" ><div\n\t\t\t\n\t\t\tclass=\"so-widget-sow-editor so-widget-sow-editor-base\"\n\t\t\t\n\t\t>\n<div class=\"siteorigin-widget-tinymce textwidget\">\n\t<h1>Empreinte <\/h1>\n<\/div>\n<\/div><\/div><\/div><\/div><div id=\"pg-773-1\"  class=\"panel-grid panel-no-style\" ><div id=\"pgc-773-1-0\"  class=\"panel-grid-cell\" ><div id=\"panel-773-1-0-0\" class=\"so-panel widget widget_sow-editor panel-first-child panel-last-child\" data-index=\"1\" ><div\n\t\t\t\n\t\t\tclass=\"so-widget-sow-editor so-widget-sow-editor-base\"\n\t\t\t\n\t\t>\n<div class=\"siteorigin-widget-tinymce textwidget\">\n\t<h3>Melioris SA<\/h3>\n<\/div>\n<\/div><\/div><\/div><\/div><div id=\"pg-773-2\"  class=\"panel-grid panel-no-style\" ><div id=\"pgc-773-2-0\"  class=\"panel-grid-cell\" ><div id=\"panel-773-2-0-0\" class=\"so-panel widget widget_sow-editor panel-first-child panel-last-child\" data-index=\"2\" ><div\n\t\t\t\n\t\t\tclass=\"so-widget-sow-editor so-widget-sow-editor-base\"\n\t\t\t\n\t\t>\n<div class=\"siteorigin-widget-tinymce textwidget\">\n\t<p>Route des Avouillons 4<br \/>1196 Gland VD<br \/>Suisse <\/p>\n<\/div>\n<\/div><\/div><\/div><div id=\"pgc-773-2-1\"  class=\"panel-grid-cell\" ><div id=\"panel-773-2-1-0\" class=\"so-panel widget widget_sow-editor panel-first-child panel-last-child\" data-index=\"3\" ><div\n\t\t\t\n\t\t\tclass=\"so-widget-sow-editor so-widget-sow-editor-base\"\n\t\t\t\n\t\t>\n<div class=\"siteorigin-widget-tinymce textwidget\">\n\t<p><strong>Mail:<\/strong> info@melioris.ch<br \/><strong>T\u00e9l\u00e9phone:<\/strong> + 41 22 995 01 60<br \/><strong>Fax:<\/strong> + 41 22 995 01 61<\/p>\n<\/div>\n<\/div><\/div><\/div><div id=\"pgc-773-2-2\"  class=\"panel-grid-cell\" ><div id=\"panel-773-2-2-0\" class=\"so-panel widget widget_sow-editor panel-first-child panel-last-child\" data-index=\"4\" ><div\n\t\t\t\n\t\t\tclass=\"so-widget-sow-editor so-widget-sow-editor-base\"\n\t\t\t\n\t\t>\n<div class=\"siteorigin-widget-tinymce textwidget\">\n\t<p><strong>IDE:<\/strong> CHE-110.498.719<br \/><strong>Num\u00e9ro au registre du commerce:<\/strong> CH-550.1.037.775-1<\/p>\n<\/div>\n<\/div><\/div><\/div><\/div><div id=\"pg-773-3\"  class=\"panel-grid panel-no-style\" ><div id=\"pgc-773-3-0\"  class=\"panel-grid-cell\" ><div id=\"panel-773-3-0-0\" class=\"so-panel widget widget_sow-editor panel-first-child panel-last-child\" data-index=\"5\" ><div\n\t\t\t\n\t\t\tclass=\"so-widget-sow-editor so-widget-sow-editor-base\"\n\t\t\t\n\t\t>\n<div class=\"siteorigin-widget-tinymce textwidget\">\n\t<h3>Haftungsausschluss<\/h3>\n<p>Melioris \u00fcbernimmt keinerlei Gew\u00e4hr hinsichtlich der inhaltlichen Richtigkeit, Genauigkeit, Aktualit\u00e4t, Zuverl\u00e4ssigkeit und Vollst\u00e4ndigkeit der Informationen.<\/p>\n<p>Haftungsanspr\u00fcche gegen Melioris wegen Sch\u00e4den materieller oder immaterieller Art, welche aus dem Zugriff oder der Nutzung bzw. Nichtnutzung der ver\u00f6ffentlichten Informationen, durch Missbrauch der Verbindung oder durch technische St\u00f6rungen entstanden sind, werden ausgeschlossen.<\/p>\n<p>Alle Angebote sind unverbindlich. Melioris beh\u00e4lt es sich ausdr\u00fccklich vor, Teile der Seiten oder das gesamte Angebot ohne gesonderte Ank\u00fcndigung zu ver\u00e4ndern, zu erg\u00e4nzen, zu l\u00f6schen oder die Ver\u00f6ffentlichung zeitweise oder endg\u00fcltig einzustellen.<\/p>\n<p><strong>Haftung f\u00fcr Links<\/strong><br \/>Verweise und Links auf Webseiten Dritter liegen ausserhalb unseres Verantwortungsbereichs. Es wird jegliche Verantwortung f\u00fcr solche Webseiten abgelehnt. Der Zugriff und die Nutzung solcher Webseiten erfolgen auf eigene Gefahr des Nutzers oder der Nutzerin.<\/p>\n<p><strong>Urheberrechte<\/strong><br \/>Die Urheber- und alle anderen Rechte an Inhalten, Bildern, Fotos oder anderen Dateien auf der Website geh\u00f6ren ausschliesslich melioris.ch oder den speziell genannten Rechtsinhabern. F\u00fcr die Reproduktion jeglicher Elemente ist die schriftliche Zustimmung der Urheberrechtstr\u00e4ger im Voraus einzuholen.<\/p>\n<\/div>\n<\/div><\/div><\/div><\/div><\/div>","protected":false},"excerpt":{"rendered":"<p>Empreinte Melioris SA<\/p>\n","protected":false},"author":1,"featured_media":0,"parent":0,"menu_order":0,"comment_status":"closed","ping_status":"closed","template":"","meta":{"_acf_changed":false,"footnotes":""},"class_list":["post-773","page","type-page","status-publish","hentry"],"acf":[],"aioseo_notices":[],"_links":{"self":[{"href":"http:\/\/www.melioris.ch\/fr\/wp-json\/wp\/v2\/pages\/773","targetHints":{"allow":["GET"]}}],"collection":[{"href":"http:\/\/www.melioris.ch\/fr\/wp-json\/wp\/v2\/pages"}],"about":[{"href":"http:\/\/www.melioris.ch\/fr\/wp-json\/wp\/v2\/types\/page"}],"author":[{"embeddable":true,"href":"http:\/\/www.melioris.ch\/fr\/wp-json\/wp\/v2\/users\/1"}],"replies":[{"embeddable":true,"href":"http:\/\/www.melioris.ch\/fr\/wp-json\/wp\/v2\/comments?post=773"}],"version-history":[{"count":5,"href":"http:\/\/www.melioris.ch\/fr\/wp-json\/wp\/v2\/pages\/773\/revisions"}],"predecessor-version":[{"id":3406,"href":"http:\/\/www.melioris.ch\/fr\/wp-json\/wp\/v2\/pages\/773\/revisions\/3406"}],"wp:attachment":[{"href":"http:\/\/www.melioris.ch\/fr\/wp-json\/wp\/v2\/media?parent=773"}],"curies":[{"name":"wp","href":"https:\/\/api.w.org\/{rel}","templated":true}]}}