{"id":793,"date":"2017-09-18T16:37:35","date_gmt":"2017-09-18T14:37:35","guid":{"rendered":"http:\/\/www.melioris.ch\/offene-stellen\/"},"modified":"2022-02-09T10:45:42","modified_gmt":"2022-02-09T09:45:42","slug":"emplois","status":"publish","type":"page","link":"http:\/\/www.melioris.ch\/fr\/a-notre-propos\/emplois\/","title":{"rendered":"Emplois"},"content":{"rendered":"<div id=\"pl-793\"  class=\"panel-layout\" ><div id=\"pg-793-0\"  class=\"panel-grid panel-no-style\" ><div id=\"pgc-793-0-0\"  class=\"panel-grid-cell\" ><div id=\"panel-793-0-0-0\" class=\"so-panel widget widget_sow-editor panel-first-child panel-last-child\" data-index=\"0\" ><div\n\t\t\t\n\t\t\tclass=\"so-widget-sow-editor so-widget-sow-editor-base\"\n\t\t\t\n\t\t>\n<div class=\"siteorigin-widget-tinymce textwidget\">\n\t<p>Nous offrons \u00e0 nos collaborateurs des d\u00e9fis captivants et des activit\u00e9s passionnantes dans une soci\u00e9t\u00e9 \u00e0 taille humaine, avec un haut niveau d\u2019autonomie et de responsabilit\u00e9s. La transparence, l\u2019honn\u00eatet\u00e9 et le respect mutuel des valeurs de nos clients et des fournisseurs caract\u00e9risent notre culture d\u2019entreprise.<\/p>\n<div>Nous rechechons \u00e9galement des ressources pour compl\u00e9ter les \u00e9quipes de nos clients.<\/div>\n<\/div>\n<\/div><\/div><\/div><\/div><div id=\"pg-793-1\"  class=\"panel-grid panel-no-style\" ><div id=\"pgc-793-1-0\"  class=\"panel-grid-cell\" ><div id=\"panel-793-1-0-0\" class=\"so-panel widget widget_sow-editor panel-first-child panel-last-child\" data-index=\"1\" ><div\n\t\t\t\n\t\t\tclass=\"so-widget-sow-editor so-widget-sow-editor-base\"\n\t\t\t\n\t\t>\n<div class=\"siteorigin-widget-tinymce textwidget\">\n\t\n    \n    \n    <!-- pagination here -->\n    <div id=\"karriere\" class=\"uk-width-1-1 post-list\">\n      <table class=\"uk-table uk-table-striped\">\n        <tbody>\n          <!-- the loop -->\n                    <tr>\n            <td>\n              <a class=\"uk-h4\" href=\"http:\/\/www.melioris.ch\/fr\/emplois\/consultant-stagiaire-achats\/\">\n                Postes \u00e0 pourvoir chez nos clients              <\/a>\n            <\/td>\n            <td class=\"uk-text-right\">\n              <a class=\"uk-button fn-button-line\" href=\"http:\/\/www.melioris.ch\/fr\/emplois\/consultant-stagiaire-achats\/\">\n                              Apprendre plus\n                  \t\t      <\/a>\n            <\/td>\n          <\/tr>\n                    <!-- end of the loop -->\n\n          <!-- pagination here -->\n        <\/tbody>\n      <\/table>\n    <\/div>\n\n    \n    \n    \n<\/div>\n<\/div><\/div><\/div><\/div><\/div>","protected":false},"excerpt":{"rendered":"<p>Nous offrons \u00e0 nos collaborateurs des d\u00e9fis captivants et des activit\u00e9s passionnantes dans une soci\u00e9t\u00e9 \u00e0 taille humaine, avec un haut niveau d\u2019autonomie et de responsabilit\u00e9s. La transparence, l\u2019honn\u00eatet\u00e9 et le respect mutuel des valeurs de nos clients et des fournisseurs caract\u00e9risent notre culture d\u2019entreprise. Nous rechechons \u00e9galement des ressources pour compl\u00e9ter les \u00e9quipes de [&hellip;]<\/p>\n","protected":false},"author":1,"featured_media":2905,"parent":800,"menu_order":3,"comment_status":"closed","ping_status":"closed","template":"","meta":{"_acf_changed":false,"footnotes":""},"class_list":["post-793","page","type-page","status-publish","has-post-thumbnail","hentry"],"acf":[],"aioseo_notices":[],"_links":{"self":[{"href":"http:\/\/www.melioris.ch\/fr\/wp-json\/wp\/v2\/pages\/793","targetHints":{"allow":["GET"]}}],"collection":[{"href":"http:\/\/www.melioris.ch\/fr\/wp-json\/wp\/v2\/pages"}],"about":[{"href":"http:\/\/www.melioris.ch\/fr\/wp-json\/wp\/v2\/types\/page"}],"author":[{"embeddable":true,"href":"http:\/\/www.melioris.ch\/fr\/wp-json\/wp\/v2\/users\/1"}],"replies":[{"embeddable":true,"href":"http:\/\/www.melioris.ch\/fr\/wp-json\/wp\/v2\/comments?post=793"}],"version-history":[{"count":5,"href":"http:\/\/www.melioris.ch\/fr\/wp-json\/wp\/v2\/pages\/793\/revisions"}],"predecessor-version":[{"id":3181,"href":"http:\/\/www.melioris.ch\/fr\/wp-json\/wp\/v2\/pages\/793\/revisions\/3181"}],"up":[{"embeddable":true,"href":"http:\/\/www.melioris.ch\/fr\/wp-json\/wp\/v2\/pages\/800"}],"wp:featuredmedia":[{"embeddable":true,"href":"http:\/\/www.melioris.ch\/fr\/wp-json\/wp\/v2\/media\/2905"}],"wp:attachment":[{"href":"http:\/\/www.melioris.ch\/fr\/wp-json\/wp\/v2\/media?parent=793"}],"curies":[{"name":"wp","href":"https:\/\/api.w.org\/{rel}","templated":true}]}}