{"id":794,"date":"2017-09-18T16:35:47","date_gmt":"2017-09-18T14:35:47","guid":{"rendered":"http:\/\/www.melioris.ch\/lieferanten\/"},"modified":"2018-02-21T09:17:42","modified_gmt":"2018-02-21T08:17:42","slug":"fournisseurs","status":"publish","type":"page","link":"http:\/\/www.melioris.ch\/fr\/a-notre-propos\/fournisseurs\/","title":{"rendered":"Fournisseurs"},"content":{"rendered":"<div id=\"pl-794\"  class=\"panel-layout\" ><div id=\"pg-794-0\"  class=\"panel-grid panel-no-style\" ><div id=\"pgc-794-0-0\"  class=\"panel-grid-cell\" ><div id=\"panel-794-0-0-0\" class=\"so-panel widget widget_sow-editor panel-first-child panel-last-child\" data-index=\"0\" ><div\n\t\t\t\n\t\t\tclass=\"so-widget-sow-editor so-widget-sow-editor-base\"\n\t\t\t\n\t\t>\n<div class=\"siteorigin-widget-tinymce textwidget\">\n\t<h3>Audit et s\u00e9lection des fournisseurs<\/h3>\n<p>Melioris est constamment \u00e0 la recherche des meilleurs fournisseurs pour l'ensemble des diff\u00e9rents postes d'achats. Melioris s\u00e9lectionne uniquement des fournisseurs qui offrent le meilleur rapport entre la prestation globale et le co\u00fbt. Ce sont donc la qualit\u00e9 du produit et la qualit\u00e9 du service par rapport au prix qui sont d\u00e9terminantes dans l'homologation du fournisseur. Un point central est \u00e9galement l\u2019analyse de la structure des co\u00fbts, faite conjointement avec les fournisseurs, afin de d\u00e9tecter des potentiels d\u2019optimisation. En outre, seuls les fournisseurs qui font preuve du plus grand s\u00e9rieux dans leurs relations commerciales seront retenus.<\/p>\n<h3>Relations entre fournisseurs et Melioris<\/h3>\n<p>Melioris agit pour le compte de ses clients et ce sont uniquement les clients qui r\u00e9mun\u00e8rent Melioris. Melioris ne demande aucune marge ou commission aux fournisseurs. Nous demandons au contraire aux fournisseurs de faire profiter nos clients de toutes les ristournes ou prix pr\u00e9f\u00e9rentiels possibles.<\/p>\n<p>En cas de commandes de produits ou de services, la relation commerciale s'effectue directement entre le fournisseur et le client. Aucune marchandise ni aucun flux financier ne transite par Melioris, mais nous contr\u00f4lons, pour le compte de notre client, le respect des engagements pris par les fournisseurs.<\/p>\n<h3>Notre \u00e9thique vis-\u00e0-vis des fournisseurs<\/h3>\n<p>Nous consid\u00e9rons les fournisseurs comme des partenaires, gr\u00e2ce auxquels nous pouvons am\u00e9liorer la comp\u00e9titivit\u00e9 de nos clients, y compris dans les domaines de l\u2019innovation et de la s\u00e9curisation d\u2019approvisionnement.<\/p>\n<p>Nous nous engageons \u00e0 respecter la confidentialit\u00e9 des prix et conditions sp\u00e9ciales remis par les fournisseurs lorsque ceux-ci ne sont pas publics : nous communiquons ces conditions exclusivement au client pour lequel elles ont \u00e9t\u00e9 \u00e9tablies, sans les transmettre \u00e0 des tiers.<\/p>\n<h3>Soumettez vos offres !<\/h3>\n<p>Dans le cadre de notre sourcing global, nous sommes en permanence dispos\u00e9s \u00e0 \u00e9valuer de nouveaux fournisseurs potentiels. Vous pouvez spontan\u00e9ment nous soumettre vos offres ou\u00a0 <a href=\"http:\/\/www.melioris.ch\/fr\/contact\/#contactdirekt\">nous contacter<\/a> pour un premier entretien. Nous vous informerons alors des proc\u00e9dures d'\u00e9valuation en fonction de la nature de votre offre.<\/p>\n<\/div>\n<\/div><\/div><\/div><\/div><\/div>","protected":false},"excerpt":{"rendered":"<p>Audit et s\u00e9lection des fournisseurs Melioris est constamment \u00e0 la recherche des meilleurs fournisseurs pour l&rsquo;ensemble des diff\u00e9rents postes d&rsquo;achats. Melioris s\u00e9lectionne uniquement des fournisseurs qui offrent le meilleur rapport entre la prestation globale et le co\u00fbt. Ce sont donc la qualit\u00e9 du produit et la qualit\u00e9 du service par rapport au prix qui sont [&hellip;]<\/p>\n","protected":false},"author":1,"featured_media":0,"parent":800,"menu_order":4,"comment_status":"closed","ping_status":"closed","template":"","meta":{"_acf_changed":false,"footnotes":""},"class_list":["post-794","page","type-page","status-publish","hentry"],"acf":[],"aioseo_notices":[],"_links":{"self":[{"href":"http:\/\/www.melioris.ch\/fr\/wp-json\/wp\/v2\/pages\/794","targetHints":{"allow":["GET"]}}],"collection":[{"href":"http:\/\/www.melioris.ch\/fr\/wp-json\/wp\/v2\/pages"}],"about":[{"href":"http:\/\/www.melioris.ch\/fr\/wp-json\/wp\/v2\/types\/page"}],"author":[{"embeddable":true,"href":"http:\/\/www.melioris.ch\/fr\/wp-json\/wp\/v2\/users\/1"}],"replies":[{"embeddable":true,"href":"http:\/\/www.melioris.ch\/fr\/wp-json\/wp\/v2\/comments?post=794"}],"version-history":[{"count":5,"href":"http:\/\/www.melioris.ch\/fr\/wp-json\/wp\/v2\/pages\/794\/revisions"}],"predecessor-version":[{"id":2332,"href":"http:\/\/www.melioris.ch\/fr\/wp-json\/wp\/v2\/pages\/794\/revisions\/2332"}],"up":[{"embeddable":true,"href":"http:\/\/www.melioris.ch\/fr\/wp-json\/wp\/v2\/pages\/800"}],"wp:attachment":[{"href":"http:\/\/www.melioris.ch\/fr\/wp-json\/wp\/v2\/media?parent=794"}],"curies":[{"name":"wp","href":"https:\/\/api.w.org\/{rel}","templated":true}]}}