{"id":795,"date":"2017-09-18T16:31:31","date_gmt":"2017-09-18T14:31:31","guid":{"rendered":"http:\/\/www.melioris.ch\/leitbild\/"},"modified":"2024-09-23T11:15:37","modified_gmt":"2024-09-23T09:15:37","slug":"portrait-et-valeurs","status":"publish","type":"page","link":"http:\/\/www.melioris.ch\/fr\/a-notre-propos\/portrait-et-valeurs\/","title":{"rendered":"Portrait et valeurs"},"content":{"rendered":"<div id=\"pl-795\"  class=\"panel-layout\" ><div id=\"pg-795-0\"  class=\"panel-grid panel-no-style\" ><div id=\"pgc-795-0-0\"  class=\"panel-grid-cell\" ><div id=\"panel-795-0-0-0\" class=\"so-panel widget widget_sow-editor panel-first-child panel-last-child\" data-index=\"0\" ><div\n\t\t\t\n\t\t\tclass=\"so-widget-sow-editor so-widget-sow-editor-base\"\n\t\t\t\n\t\t>\n<div class=\"siteorigin-widget-tinymce textwidget\">\n\t<p><strong>Melioris est une soci\u00e9t\u00e9 suisse de conseil en achats fond\u00e9e en janvier 2004. En tant que sp\u00e9cialistes reconnus des achats nous accompagnons nos clients dans diff\u00e9rents domaines li\u00e9s aux achats avec le souci permanent d\u2019apporter une valeur ajout\u00e9e concr\u00e8te et mesurable.<\/strong><\/p>\n<p>Les collaborateurs de Melioris sont des salari\u00e9s fixes, bas\u00e9s \u00e0 Gland VD pour la Romandie et \u00e0 Baar ZG et Stettlen BE pour la Suisse al\u00e9manique. Nous apportons notre expertise \u00e0 des clients tr\u00e8s divers en Suisse et en Europe, aussi bien dans le secteur priv\u00e9 que public.<\/p>\n<p>Honn\u00eatet\u00e9 et transparence sont les valeurs essentielles de Melioris, aussi bien envers les clients et collaborateurs qu\u2019envers les fournisseurs. Nous sommes totalement ind\u00e9pendants des fournisseurs et agissons exclusivement dans l\u2019int\u00e9r\u00eat de nos clients ; n\u00e9anmoins, nous voyons les relations avec les fournisseurs comme un partenariat constructif, dans lequel chacun apporte sa contribution, le fournisseur comme le client.<\/p>\n<p><span class=\"uk-h4 green\">La satisfaction de nos clients est notre grande fiert\u00e9, notre motivation et notre meilleure carte de visite.<\/span><\/p>\n<\/div>\n<\/div><\/div><\/div><\/div><\/div>","protected":false},"excerpt":{"rendered":"<p>Melioris est une soci\u00e9t\u00e9 suisse de conseil en achats fond\u00e9e en janvier 2004. En tant que sp\u00e9cialistes reconnus des achats nous accompagnons nos clients dans diff\u00e9rents domaines li\u00e9s aux achats avec le souci permanent d\u2019apporter une valeur ajout\u00e9e concr\u00e8te et mesurable. Les collaborateurs de Melioris sont des salari\u00e9s fixes, bas\u00e9s \u00e0 Gland VD pour la [&hellip;]<\/p>\n","protected":false},"author":1,"featured_media":2158,"parent":800,"menu_order":1,"comment_status":"closed","ping_status":"closed","template":"","meta":{"_acf_changed":false,"footnotes":""},"class_list":["post-795","page","type-page","status-publish","has-post-thumbnail","hentry"],"acf":[],"aioseo_notices":[],"_links":{"self":[{"href":"http:\/\/www.melioris.ch\/fr\/wp-json\/wp\/v2\/pages\/795","targetHints":{"allow":["GET"]}}],"collection":[{"href":"http:\/\/www.melioris.ch\/fr\/wp-json\/wp\/v2\/pages"}],"about":[{"href":"http:\/\/www.melioris.ch\/fr\/wp-json\/wp\/v2\/types\/page"}],"author":[{"embeddable":true,"href":"http:\/\/www.melioris.ch\/fr\/wp-json\/wp\/v2\/users\/1"}],"replies":[{"embeddable":true,"href":"http:\/\/www.melioris.ch\/fr\/wp-json\/wp\/v2\/comments?post=795"}],"version-history":[{"count":5,"href":"http:\/\/www.melioris.ch\/fr\/wp-json\/wp\/v2\/pages\/795\/revisions"}],"predecessor-version":[{"id":3402,"href":"http:\/\/www.melioris.ch\/fr\/wp-json\/wp\/v2\/pages\/795\/revisions\/3402"}],"up":[{"embeddable":true,"href":"http:\/\/www.melioris.ch\/fr\/wp-json\/wp\/v2\/pages\/800"}],"wp:featuredmedia":[{"embeddable":true,"href":"http:\/\/www.melioris.ch\/fr\/wp-json\/wp\/v2\/media\/2158"}],"wp:attachment":[{"href":"http:\/\/www.melioris.ch\/fr\/wp-json\/wp\/v2\/media?parent=795"}],"curies":[{"name":"wp","href":"https:\/\/api.w.org\/{rel}","templated":true}]}}