{"id":797,"date":"2017-08-04T15:45:57","date_gmt":"2017-08-04T13:45:57","guid":{"rendered":"http:\/\/www.melioris.ch\/services\/einkaufsprojekte\/"},"modified":"2024-04-08T17:34:12","modified_gmt":"2024-04-08T15:34:12","slug":"projets-achats-2","status":"publish","type":"page","link":"http:\/\/www.melioris.ch\/fr\/nos-prestations\/projets-achats-2\/","title":{"rendered":"Projets achats"},"content":{"rendered":"<div id=\"pl-797\"  class=\"panel-layout\" ><div id=\"pg-797-0\"  class=\"panel-grid panel-no-style\" ><div id=\"pgc-797-0-0\"  class=\"panel-grid-cell\" ><div id=\"panel-797-0-0-0\" class=\"so-panel widget widget_sow-editor panel-first-child panel-last-child\" data-index=\"0\" ><div\n\t\t\t\n\t\t\tclass=\"so-widget-sow-editor so-widget-sow-editor-base\"\n\t\t\t\n\t\t>\n<div class=\"siteorigin-widget-tinymce textwidget\">\n\t<p>En tant que sp\u00e9cialiste des achats, Melioris accompagne ses clients dans le pilotage et la gestion des projets achats. Nous pouvons intervenir sur tout ou une partie du projet au niveau de sa planification, sa r\u00e9alisation et son contr\u00f4le, depuis la d\u00e9finition des besoins jusqu\u2019\u00e0 l\u2019impl\u00e9mentation et le suivi.<\/p>\n<p>Melioris contribue \u00e0 la r\u00e9ussite des projets achats en fournissant des ressources suppl\u00e9mentaires et d\u00e9di\u00e9es pour assurer au mieux l\u2019interface entre d\u2019une part les clients internes et leurs besoins et d\u2019autre part le march\u00e9 fournisseurs. Les consultants de Melioris s\u2019int\u00e8grent ainsi pleinement au sein de l\u2019\u00e9quipe achat de nos clients pour la dur\u00e9e des projets.<\/p>\n<p>Melioris apporte son expertise aussi bien sur les achats d\u2019exploitation (OPEX) que d\u2019investissements (CAPEX), ainsi que la gestion d'appels d'offres pour les march\u00e9s publics.<\/p>\n<\/div>\n<\/div><\/div><\/div><div id=\"pgc-797-0-1\"  class=\"panel-grid-cell\" ><div id=\"panel-797-0-1-0\" class=\"so-panel widget widget_sow-image panel-first-child panel-last-child\" data-index=\"1\" ><div\n\t\t\t\n\t\t\tclass=\"so-widget-sow-image so-widget-sow-image-default-dbf295114b96-797\"\n\t\t\t\n\t\t>\n<div class=\"sow-image-container\">\n\t\t<img \n\tsrc=\"http:\/\/www.melioris.ch\/wp-content\/uploads\/2017\/12\/projets-achats.svg\" alt=\"\" \t\tclass=\"so-widget-image\"\/>\n\t<\/div>\n\n<\/div><\/div><\/div><\/div><\/div>","protected":false},"excerpt":{"rendered":"<p>En tant que sp\u00e9cialiste des achats, Melioris accompagne ses clients dans le pilotage et la gestion des projets achats. Nous pouvons intervenir sur tout ou une partie du projet au niveau de sa planification, sa r\u00e9alisation et son contr\u00f4le, depuis la d\u00e9finition des besoins jusqu\u2019\u00e0 l\u2019impl\u00e9mentation et le suivi. Melioris contribue \u00e0 la r\u00e9ussite des [&hellip;]<\/p>\n","protected":false},"author":1,"featured_media":2150,"parent":355,"menu_order":2,"comment_status":"closed","ping_status":"closed","template":"","meta":{"_acf_changed":false,"footnotes":""},"class_list":["post-797","page","type-page","status-publish","has-post-thumbnail","hentry"],"acf":[],"aioseo_notices":[],"_links":{"self":[{"href":"http:\/\/www.melioris.ch\/fr\/wp-json\/wp\/v2\/pages\/797","targetHints":{"allow":["GET"]}}],"collection":[{"href":"http:\/\/www.melioris.ch\/fr\/wp-json\/wp\/v2\/pages"}],"about":[{"href":"http:\/\/www.melioris.ch\/fr\/wp-json\/wp\/v2\/types\/page"}],"author":[{"embeddable":true,"href":"http:\/\/www.melioris.ch\/fr\/wp-json\/wp\/v2\/users\/1"}],"replies":[{"embeddable":true,"href":"http:\/\/www.melioris.ch\/fr\/wp-json\/wp\/v2\/comments?post=797"}],"version-history":[{"count":5,"href":"http:\/\/www.melioris.ch\/fr\/wp-json\/wp\/v2\/pages\/797\/revisions"}],"predecessor-version":[{"id":3373,"href":"http:\/\/www.melioris.ch\/fr\/wp-json\/wp\/v2\/pages\/797\/revisions\/3373"}],"up":[{"embeddable":true,"href":"http:\/\/www.melioris.ch\/fr\/wp-json\/wp\/v2\/pages\/355"}],"wp:featuredmedia":[{"embeddable":true,"href":"http:\/\/www.melioris.ch\/fr\/wp-json\/wp\/v2\/media\/2150"}],"wp:attachment":[{"href":"http:\/\/www.melioris.ch\/fr\/wp-json\/wp\/v2\/media?parent=797"}],"curies":[{"name":"wp","href":"https:\/\/api.w.org\/{rel}","templated":true}]}}