{"id":798,"date":"2017-08-04T15:45:47","date_gmt":"2017-08-04T13:45:47","guid":{"rendered":"http:\/\/www.melioris.ch\/services\/kostenoptimierung\/"},"modified":"2024-10-11T11:26:02","modified_gmt":"2024-10-11T09:26:02","slug":"optimisation-des-couts","status":"publish","type":"page","link":"http:\/\/www.melioris.ch\/fr\/nos-prestations\/optimisation-des-couts\/","title":{"rendered":"Optimisation des co\u00fbts"},"content":{"rendered":"<div id=\"pl-798\"  class=\"panel-layout\" ><div id=\"pg-798-0\"  class=\"panel-grid panel-no-style\" ><div id=\"pgc-798-0-0\"  class=\"panel-grid-cell panel-grid-cell-empty\" ><\/div><div id=\"pgc-798-0-1\"  class=\"panel-grid-cell panel-grid-cell-mobile-last\" ><div id=\"panel-798-0-1-0\" class=\"so-panel widget widget_sow-editor panel-first-child panel-last-child\" data-index=\"0\" ><div\n\t\t\t\n\t\t\tclass=\"so-widget-sow-editor so-widget-sow-editor-base\"\n\t\t\t\n\t\t>\n<div class=\"siteorigin-widget-tinymce textwidget\">\n\t<p style=\"text-align: center;\">Pour le compte de ses clients, Melioris m\u00e8ne une m\u00e9thodologie d\u2019optimisation des co\u00fbts en suivant les \u00e9tapes du tableau ci-dessous :<\/p>\n<\/div>\n<\/div><\/div><\/div><div id=\"pgc-798-0-2\"  class=\"panel-grid-cell panel-grid-cell-empty\" ><\/div><\/div><div id=\"pg-798-1\"  class=\"panel-grid panel-no-style\" ><div id=\"pgc-798-1-0\"  class=\"panel-grid-cell\" ><div id=\"panel-798-1-0-0\" class=\"so-panel widget widget_lsow-tabs panel-first-child panel-last-child\" data-index=\"1\" ><div class=\"kostenoptimierung panel-widget-style panel-widget-style-for-798-1-0-0\" ><div\n\t\t\t\n\t\t\tclass=\"so-widget-lsow-tabs so-widget-lsow-tabs-default-66fe3d72d884-798\"\n\t\t\t\n\t\t><div class=\"lsow-tabs  style1\" data-mobile-width=\"767\"><a href=\"#\" class=\"lsow-tab-mobile-menu\"><i class=\"lsow-icon-menu\"><\/i>&nbsp;<\/a><div class=\"lsow-tab-nav\"><div class=\"lsow-tab\"><a class=\"lsow-tab-label\" href=\"#\"><span class=\"lsow-tab-title\">1. Audit pr\u00e9liminaire <\/span><\/a><\/div><div class=\"lsow-tab\"><a class=\"lsow-tab-label\" href=\"#\"><span class=\"lsow-tab-title\">2. Mission d\u2019optimisation<\/span><\/a><\/div><div class=\"lsow-tab\"><a class=\"lsow-tab-label\" href=\"#\"><span class=\"lsow-tab-title\">3. Impl\u00e9mentation<\/span><\/a><\/div><div class=\"lsow-tab\"><a class=\"lsow-tab-label\" href=\"#\"><span class=\"lsow-tab-title\">4. Suivi<\/span><\/a><\/div><\/div><!-- .lsow-tab-nav --><div class=\"lsow-tab-panes\"><div id=\"\" class=\"lsow-tab-pane\"><p>Cet audit est men\u00e9 par Melioris dans le but d\u2019estimer le potentiel d\u2019\u00e9conomies annuelles r\u00e9alisables dans le cas d\u2019une mission d\u2019optimisation et de d\u00e9finir le p\u00e9rim\u00e8tre de mission.<\/p>\n<p>Melioris pr\u00e9sente ces informations au client. Gr\u00e2ce \u00e0 celles-ci, le client pourra d\u00e9cider si une optimisation est int\u00e9ressante pour son organisation.<\/p>\n<p>Melioris m\u00e8ne cet audit gratuitement et est sans engagement pour le client.<\/p>\n<\/div><div id=\"\" class=\"lsow-tab-pane\"><p>Durant cette phase, Melioris d\u00e9roule un processus achat complet pour l\u2019ensemble des cat\u00e9gories de d\u00e9pense qui font partie du p\u00e9rim\u00e8tre de mission. Melioris actionne ses leviers sp\u00e9cifiques d\u2019optimisation pour le compte du client.<\/p>\n<div class=\"uk-margin-top uk-margin-bottom uk-overflow-container\">\n<table class=\"uk-table uk-table-striped\">\n<thead>\n<tr>\n<th>T\u00e2ches principales du processus achat<\/th>\n<th style=\"text-align: center;\">T\u00e2ches Melioris<\/th>\n<th style=\"text-align: center;\">T\u00e2ches client<\/th>\n<th style=\"text-align: center;\">Validation client<\/th>\n<\/tr>\n<\/thead>\n<tbody>\n<tr>\n<td>Entretiens donn\u00e9es qualitatives<\/td>\n<td>\n    <span class=\"uk-display-block uk-text-center\">\n    <i class=\"uk-icon-circle\"><\/i>\n  <\/span>\n\n    <\/td>\n<td>\n    <span class=\"uk-display-block uk-text-center\">\n    <i class=\"uk-icon-circle\"><\/i>\n  <\/span>\n\n    <\/td>\n<td><\/td>\n<\/tr>\n<tr>\n<td>Formalisation des cahiers des charges<\/td>\n<td>\n    <span class=\"uk-display-block uk-text-center\">\n    <i class=\"uk-icon-circle\"><\/i>\n  <\/span>\n\n    <\/td>\n<td><\/td>\n<td><\/td>\n<\/tr>\n<tr>\n<td>Validation des cahiers des charges<\/td>\n<td><\/td>\n<td><\/td>\n<td>\n    <span class=\"uk-display-block uk-text-center\">\n    <i class=\"uk-icon-circle\"><\/i>\n  <\/span>\n\n    <\/td>\n<\/tr>\n<tr>\n<td>Validation des fournisseurs potentiels<\/td>\n<td><\/td>\n<td><\/td>\n<td>\n    <span class=\"uk-display-block uk-text-center\">\n    <i class=\"uk-icon-circle\"><\/i>\n  <\/span>\n\n    <\/td>\n<\/tr>\n<tr>\n<td>Envoi des cahiers des charges<\/td>\n<td>\n    <span class=\"uk-display-block uk-text-center\">\n    <i class=\"uk-icon-circle\"><\/i>\n  <\/span>\n\n    <\/td>\n<td><\/td>\n<td><\/td>\n<\/tr>\n<tr>\n<td>Contact fournisseurs pour donn\u00e9es qualitatives<\/td>\n<td>\n    <span class=\"uk-display-block uk-text-center\">\n    <i class=\"uk-icon-circle\"><\/i>\n  <\/span>\n\n    <\/td>\n<td><\/td>\n<td><\/td>\n<\/tr>\n<tr>\n<td>R\u00e9ception des offres<\/td>\n<td>\n    <span class=\"uk-display-block uk-text-center\">\n    <i class=\"uk-icon-circle\"><\/i>\n  <\/span>\n\n    <\/td>\n<td><\/td>\n<td><\/td>\n<\/tr>\n<tr>\n<td>Analyse des offres<\/td>\n<td>\n    <span class=\"uk-display-block uk-text-center\">\n    <i class=\"uk-icon-circle\"><\/i>\n  <\/span>\n\n    <\/td>\n<td><\/td>\n<td><\/td>\n<\/tr>\n<tr>\n<td>Premiers r\u00e9sultats \/ Validation prochaines \u00e9tapes<\/td>\n<td>\n    <span class=\"uk-display-block uk-text-center\">\n    <i class=\"uk-icon-circle\"><\/i>\n  <\/span>\n\n    <\/td>\n<td><\/td>\n<td>\n    <span class=\"uk-display-block uk-text-center\">\n    <i class=\"uk-icon-circle\"><\/i>\n  <\/span>\n\n    <\/td>\n<\/tr>\n<tr>\n<td>Rounds de n\u00e9gociation avec les fournisseurs identifi\u00e9s<\/td>\n<td>\n    <span class=\"uk-display-block uk-text-center\">\n    <i class=\"uk-icon-circle\"><\/i>\n  <\/span>\n\n    <\/td>\n<td>\n    <span class=\"uk-display-block uk-text-center\">\n    <i class=\"uk-icon-circle\"><\/i>\n  <\/span>\n\n    <\/td>\n<td><\/td>\n<\/tr>\n<tr>\n<td>Pr\u00e9sentation des r\u00e9sultats et recommandations<\/td>\n<td>\n    <span class=\"uk-display-block uk-text-center\">\n    <i class=\"uk-icon-circle\"><\/i>\n  <\/span>\n\n    <\/td>\n<td><\/td>\n<td><\/td>\n<\/tr>\n<tr>\n<td>Validation des recommandations<\/td>\n<td><\/td>\n<td><\/td>\n<td>\n    <span class=\"uk-display-block uk-text-center\">\n    <i class=\"uk-icon-circle\"><\/i>\n  <\/span>\n\n    <\/td>\n<\/tr>\n<tr>\n<td>Impl\u00e9mentation \u2013 phase de test<\/td>\n<td>\n    <span class=\"uk-display-block uk-text-center\">\n    <i class=\"uk-icon-circle\"><\/i>\n  <\/span>\n\n    <\/td>\n<td>\n    <span class=\"uk-display-block uk-text-center\">\n    <i class=\"uk-icon-circle\"><\/i>\n  <\/span>\n\n    <\/td>\n<td><\/td>\n<\/tr>\n<\/tbody>\n<\/table>\n<\/div>\n<p>Durant toute la dur\u00e9e du processus achat, les personnes en interne chez nos clients sont peu sollicit\u00e9es en temps par Melioris. Elles le sont principalement pour des validations d\u2019avancement. En revanche, lors de la mission, l\u2019investissement en temps et en charge de travail est important pour Melioris.<\/p>\n<\/div><div id=\"\" class=\"lsow-tab-pane\"><p>Une fois que les recommandations de Melioris ont \u00e9t\u00e9 valid\u00e9es par le client, Melioris accompagne le client dans la mise en place des solutions d\u2019optimisation.<\/p>\n<\/div><div id=\"\" class=\"lsow-tab-pane\"><p>Melioris s\u2019assure du respect de la part des fournisseurs des cahiers des charges pour lesquels ils se sont engag\u00e9s: Respect de la bonne impl\u00e9mentation des prix n\u00e9goci\u00e9s et de leurs bonnes applications sur la dur\u00e9e. Respect que la qualit\u00e9 d\u00e9livr\u00e9e des produits ou des services soit conforme \u00e0 ce qui a \u00e9t\u00e9 convenu.<\/p>\n<p>Ce suivi, effectu\u00e9 par Melioris, est v\u00e9ritablement la garantie de qualit\u00e9 pour nos clients que les recommandations qu\u2019ils ont valid\u00e9es le soient \u00e0 leur enti\u00e8re satisfaction et sur le long terme. Cette p\u00e9riode de suivi permet \u00e0 Melioris de calculer les \u00e9conomies effectivement atteintes et qui sont directement dues par l\u2019action de Melioris.<\/p>\n<\/div><\/div><!-- .lsow-tab-panes --><\/div><!-- .lsow-tabs --><\/div><\/div><\/div><\/div><\/div><div id=\"pg-798-2\"  class=\"panel-grid panel-no-style\" ><div id=\"pgc-798-2-0\"  class=\"panel-grid-cell\" ><div id=\"panel-798-2-0-0\" class=\"so-panel widget widget_sow-editor panel-first-child\" data-index=\"2\" ><div class=\"uk-column-medium-1-2 uk-column-small-1-1 panel-widget-style panel-widget-style-for-798-2-0-0\" ><div\n\t\t\t\n\t\t\tclass=\"so-widget-sow-editor so-widget-sow-editor-base\"\n\t\t\t\n\t\t>\n<div class=\"siteorigin-widget-tinymce textwidget\">\n\t<h3>Les achats indirects<\/h3>\n<p>Les achats indirects ou non strat\u00e9giques regroupent l'ensemble des d\u00e9penses d'une organisation qui ne rentrent pas dans ses produits finis (les achats mati\u00e8res ou les achats marchands par exemple), ou qui ne sont pas directement li\u00e9es au c\u0153ur de m\u00e9tier.<\/p>\n<p>Dans le cas d'une entreprise industrielle, il s'agit ainsi de tous les achats hors production. Ce sont les frais g\u00e9n\u00e9raux et de fonctionnement au sens large. On y retrouve par exemple les d\u00e9penses de bureautique, de logistique, de t\u00e9l\u00e9phonie, d\u2019emballages, d\u2019outillages, du nettoyage des locaux ou encore les d\u00e9penses d'\u00e9nergie. Selon le secteur d'activit\u00e9, ces d\u00e9penses repr\u00e9sentent en moyenne entre 10 et 40% de la somme des achats.<\/p>\n<p>Par exp\u00e9rience, nous constatons chez nos clients que la valeur totale du p\u00e9rim\u00e8tre des d\u00e9penses indirectes est souvent sous-\u00e9valu\u00e9e. En tant qu\u2019expert des achats indirects, Melioris s\u2019int\u00e8gre de mani\u00e8re tr\u00e8s compl\u00e9mentaire chez ses clients. Ces derniers se concentrent, \u00e0 juste titre, sur leurs d\u00e9penses directes et strat\u00e9giques.<\/p>\n<p>Compte tenu du grand nombre de produits et de fournisseurs diff\u00e9rents, les organisations se heurtent souvent au manque de temps et de moyens pour proc\u00e9der \u00e0 une d\u00e9marche achat de ces postes. Elles se privent ainsi d'un potentiel important d'am\u00e9lioration de leurs r\u00e9sultats. Pour justement permettre \u00e0 ces organisations de profiter \u00e9galement de ce levier, Melioris a d\u00e9velopp\u00e9 et offre une prestation sp\u00e9cifiquement adapt\u00e9e \u00e0 leurs besoins.<\/p>\n<\/div>\n<\/div><\/div><\/div><div id=\"panel-798-2-0-1\" class=\"so-panel widget widget_sow-editor panel-last-child\" data-index=\"3\" ><div class=\"uk-column-medium-1-2 uk-column-small-1-1 panel-widget-style panel-widget-style-for-798-2-0-1\" ><div\n\t\t\t\n\t\t\tclass=\"so-widget-sow-editor so-widget-sow-editor-base\"\n\t\t\t\n\t\t>\n<div class=\"siteorigin-widget-tinymce textwidget\">\n\t<h4>Liste des achats indirects<\/h4>\n<\/div>\n<\/div><\/div><\/div><\/div><\/div><div id=\"pg-798-3\"  class=\"panel-grid panel-no-style\" ><div id=\"pgc-798-3-0\"  class=\"panel-grid-cell\" ><div id=\"panel-798-3-0-0\" class=\"so-panel widget widget_lsow-accordion panel-first-child panel-last-child\" data-index=\"4\" ><div\n\t\t\t\n\t\t\tclass=\"so-widget-lsow-accordion so-widget-lsow-accordion-default-d75171398898-798\"\n\t\t\t\n\t\t>\n<div class=\"lsow-accordion style1\" data-toggle=\"false\" data-expanded=\"false\"><div class=\"lsow-panel\" id=\"\"><div class=\"lsow-panel-title\">Postes principaux<\/div><div class=\"lsow-panel-content\"><ul>\n<li>Cartouches et toners d\u2019impression<\/li>\n<li>Catering &amp; restauration collective<\/li>\n<li>Consommables d\u2019atelier<\/li>\n<li>Co\u00fbts \u00e9nerg\u00e9tiques :\n<ul>\n<li>Gaz propane<\/li>\n<li>Essence<\/li>\n<li>Electricit\u00e9<\/li>\n<\/ul>\n<\/li>\n<li>Emballages<\/li>\n<li>Envois de colis<\/li>\n<li>Envois de fret<\/li>\n<li>Envois express de documents<\/li>\n<li>Fontaines \u00e0 eau<\/li>\n<li>Gaz techniques<\/li>\n<li>Gestion et r\u00e9cup\u00e9ration des d\u00e9chets<\/li>\n<li>Hygi\u00e8ne sanitaire<\/li>\n<li>Int\u00e9rim<\/li>\n<li>Leasing automobile<\/li>\n<li>Leasing de mat\u00e9riel bureautique<\/li>\n<li>Location automobile<\/li>\n<li>Machines \u00e0 caf\u00e9<\/li>\n<li>Maintenance des b\u00e2timents \/ FM<\/li>\n<li>Maintenance informatique<\/li>\n<li>Nettoyage des locaux<\/li>\n<li>Nettoyage et entretien de salles blanches<\/li>\n<li>Papier<\/li>\n<li>Petites fournitures de bureau<\/li>\n<li>Photocopieurs<\/li>\n<li>Produits chimiques<\/li>\n<li>Produits d\u2019entretien<\/li>\n<li>Protection des locaux (rondes)<\/li>\n<li>Publicit\u00e9 &amp; Marketing :\n<ul>\n<li>Agences &amp; Pr\u00e9presse<\/li>\n<li>Studio<\/li>\n<li>Papier &amp; Impressions<\/li>\n<li>Distribution &amp; Routage<\/li>\n<li>Espace Media<\/li>\n<\/ul>\n<\/li>\n<li>Quincaillerie<\/li>\n<li>T\u00e9l\u00e9phonie fixe<\/li>\n<li>T\u00e9l\u00e9phonie mobile<\/li>\n<li>Travaux d\u2019impression<\/li>\n<li>V\u00eatements de travail<\/li>\n<\/ul>\n<\/div><\/div><!-- .lsow-panel --><\/div><!-- .lsow-accordion --><\/div><\/div><\/div><div id=\"pgc-798-3-1\"  class=\"panel-grid-cell\" ><div id=\"panel-798-3-1-0\" class=\"so-panel widget widget_lsow-accordion panel-first-child panel-last-child\" data-index=\"5\" ><div\n\t\t\t\n\t\t\tclass=\"so-widget-lsow-accordion so-widget-lsow-accordion-default-d75171398898-798\"\n\t\t\t\n\t\t>\n<div class=\"lsow-accordion style1\" data-toggle=\"false\" data-expanded=\"false\"><div class=\"lsow-panel\" id=\"\"><div class=\"lsow-panel-title\">Postes secondaires<\/div><div class=\"lsow-panel-content\"><ul>\n<li>Acc\u00e8s Internet<\/li>\n<li>Consommables informatiques<\/li>\n<li>Co\u00fbts de stockage externes<\/li>\n<li>Externalisations :\n<ul>\n<li>Comptabilit\u00e9<\/li>\n<li>Fiches de salaires<\/li>\n<li>Etc.<\/li>\n<\/ul>\n<\/li>\n<li>Frais de d\u00e9placements et d\u2019h\u00e9bergement<\/li>\n<li>H\u00e9bergement de site Internet<\/li>\n<li>Licences de logiciels<\/li>\n<li>Location de stands d\u2019exposition<\/li>\n<li>Objets publicitaires<\/li>\n<li>Organisation de s\u00e9minaires<\/li>\n<li>Primes d\u2019assurances<\/li>\n<li>Protection incendie<\/li>\n<li>R\u00e9cup\u00e9ration de TVA \u00e0 l\u2019\u00e9tranger<\/li>\n<li>R\u00e9vision des comptes<\/li>\n<\/ul><\/div><\/div><!-- .lsow-panel --><\/div><!-- .lsow-accordion --><\/div><\/div><\/div><\/div><div id=\"pg-798-4\"  class=\"panel-grid panel-no-style\" ><div id=\"pgc-798-4-0\"  class=\"panel-grid-cell\" ><div id=\"panel-798-4-0-0\" class=\"so-panel widget widget_sow-editor panel-first-child panel-last-child\" data-index=\"6\" ><div class=\"box panel-widget-style panel-widget-style-for-798-4-0-0\" ><div\n\t\t\t\n\t\t\tclass=\"so-widget-sow-editor so-widget-sow-editor-base\"\n\t\t\t\n\t\t>\n<div class=\"siteorigin-widget-tinymce textwidget\">\n\t<h3>La r\u00e9mun\u00e9ration<\/h3>\n<p>Dans le cadre des missions d\u2019optimisation, Melioris se r\u00e9mun\u00e8re exclusivement sur une partie des \u00e9conomies qui sont effectivement r\u00e9alis\u00e9es par notre action. En ce sens, notre prestation n'engage, par nature, pas de co\u00fbt suppl\u00e9mentaire pour nos clients.<\/p>\n<p>Par ailleurs, Melioris ne touche aucune commission de la part des fournisseurs et ne pr\u00e9l\u00e8ve aucune marge sur les produits ou services achet\u00e9s par le client. Cela garantit \u00e0 notre client le strict respect de ses int\u00e9r\u00eats, ainsi que l\u2019objectivit\u00e9 et la neutralit\u00e9 des recommandations que nous lui d\u00e9livrons.<\/p>\n<\/div>\n<\/div><\/div><\/div><\/div><\/div><\/div>","protected":false},"excerpt":{"rendered":"<p>Pour le compte de ses clients, Melioris m\u00e8ne une m\u00e9thodologie d\u2019optimisation des co\u00fbts en suivant les \u00e9tapes du tableau ci-dessous :<\/p>\n","protected":false},"author":1,"featured_media":2152,"parent":355,"menu_order":1,"comment_status":"closed","ping_status":"closed","template":"","meta":{"_acf_changed":false,"footnotes":""},"class_list":["post-798","page","type-page","status-publish","has-post-thumbnail","hentry"],"acf":[],"aioseo_notices":[],"_links":{"self":[{"href":"http:\/\/www.melioris.ch\/fr\/wp-json\/wp\/v2\/pages\/798","targetHints":{"allow":["GET"]}}],"collection":[{"href":"http:\/\/www.melioris.ch\/fr\/wp-json\/wp\/v2\/pages"}],"about":[{"href":"http:\/\/www.melioris.ch\/fr\/wp-json\/wp\/v2\/types\/page"}],"author":[{"embeddable":true,"href":"http:\/\/www.melioris.ch\/fr\/wp-json\/wp\/v2\/users\/1"}],"replies":[{"embeddable":true,"href":"http:\/\/www.melioris.ch\/fr\/wp-json\/wp\/v2\/comments?post=798"}],"version-history":[{"count":4,"href":"http:\/\/www.melioris.ch\/fr\/wp-json\/wp\/v2\/pages\/798\/revisions"}],"predecessor-version":[{"id":3390,"href":"http:\/\/www.melioris.ch\/fr\/wp-json\/wp\/v2\/pages\/798\/revisions\/3390"}],"up":[{"embeddable":true,"href":"http:\/\/www.melioris.ch\/fr\/wp-json\/wp\/v2\/pages\/355"}],"wp:featuredmedia":[{"embeddable":true,"href":"http:\/\/www.melioris.ch\/fr\/wp-json\/wp\/v2\/media\/2152"}],"wp:attachment":[{"href":"http:\/\/www.melioris.ch\/fr\/wp-json\/wp\/v2\/media?parent=798"}],"curies":[{"name":"wp","href":"https:\/\/api.w.org\/{rel}","templated":true}]}}