{"id":2573,"date":"2019-11-12T15:42:48","date_gmt":"2019-11-12T14:42:48","guid":{"rendered":"http:\/\/www.melioris.ch\/?page_id=2573"},"modified":"2025-01-03T12:24:44","modified_gmt":"2025-01-03T11:24:44","slug":"chi-siamo","status":"publish","type":"page","link":"http:\/\/www.melioris.ch\/it\/chi-siamo\/","title":{"rendered":"Chi siamo"},"content":{"rendered":"<div id=\"pl-2573\"  class=\"panel-layout\" ><div id=\"pg-2573-0\"  class=\"panel-grid panel-no-style\" ><div id=\"pgc-2573-0-0\"  class=\"panel-grid-cell\" ><div id=\"panel-2573-0-0-0\" class=\"so-panel widget widget_sow-editor panel-first-child panel-last-child\" data-index=\"0\" ><div\n\t\t\t\n\t\t\tclass=\"so-widget-sow-editor so-widget-sow-editor-base\"\n\t\t\t\n\t\t>\n<div class=\"siteorigin-widget-tinymce textwidget\">\n\t\n          \n          \n          <!-- pagination here -->\n          <div class=\"uk-width-small-1-1 uk-width-medium-5-6 uk-push-medium-1-12\" id=\"dienstleistungen\">\n            <!-- the loop -->\n            \n            <a href=\"http:\/\/www.melioris.ch\/it\/chi-siamo\/modello\/\" class=\"uk-panel uk-panel-box uk-margin-bottom\">\n              <div class=\"uk-grid uk-flex uk-flex-middle\">\n                <div class=\"uk-width-medium-1-4 uk-text-center\">\n                  <img decoding=\"async\" src=\"http:\/\/www.melioris.ch\/wp-content\/uploads\/2017\/09\/leitbild.svg\" alt=\"\">\n                <\/div>\n                <div class=\"uk-width-medium-3-4\">\n                  <h3>\n                    Modello                  <\/h3>\n                  <p>\n                    Melioris \u00e8 una societ\u00e0 svizzera indipendente fondata a gennaio del 2004 che si occupa di consulenza agli acquisti. In qualit\u00e0 di rinomati specialisti negli acquisti, supportiamo i nostri clienti in un\u2019ampia gamma di temi riguardanti gli acquisti, con l\u2019obiettivo costante di apportare un valore aggiunto concreto e misurabile.                   <\/p>\n                  <p><i class=\"uk-icon-plus green\"><\/i><\/p>\n                <\/div>\n              <\/div>\n            <\/a>\n\n            \n            <a href=\"http:\/\/www.melioris.ch\/it\/chi-siamo\/newsletter\/\" class=\"uk-panel uk-panel-box uk-margin-bottom\">\n              <div class=\"uk-grid uk-flex uk-flex-middle\">\n                <div class=\"uk-width-medium-1-4 uk-text-center\">\n                  <img decoding=\"async\" src=\"http:\/\/www.melioris.ch\/wp-content\/uploads\/2017\/09\/newsletter.svg\" alt=\"\">\n                <\/div>\n                <div class=\"uk-width-medium-3-4\">\n                  <h3>\n                    Newsletter                  <\/h3>\n                  <p>\n                    In questa pagina sono disponibili le newsletter di Melioris pubblicate attualmente e nel passato. Nelle nostre newsletter non vi informiamo solo sulle attivit\u00e0 dell\u2019azienda. Condividiamo le novit\u00e0 del settore, offriamo spunti di riflessione e presentiamo in modo dettagliato i nostri progetti in studi periodici di casi. Vale sempre la pena dare un\u2019occhiata alle nostre newsletter.                   <\/p>\n                  <p><i class=\"uk-icon-plus green\"><\/i><\/p>\n                <\/div>\n              <\/div>\n            <\/a>\n\n            \n            <a href=\"http:\/\/www.melioris.ch\/it\/chi-siamo\/posizione-aperte\/\" class=\"uk-panel uk-panel-box uk-margin-bottom\">\n              <div class=\"uk-grid uk-flex uk-flex-middle\">\n                <div class=\"uk-width-medium-1-4 uk-text-center\">\n                  <img decoding=\"async\" src=\"http:\/\/www.melioris.ch\/wp-content\/uploads\/2017\/09\/offene-stellen.svg\" alt=\"\">\n                <\/div>\n                <div class=\"uk-width-medium-3-4\">\n                  <h3>\n                    Offerte di lavoro                  <\/h3>\n                  <p>\n                    Siete interessati a lavorare presso Melioris? Entrate a far parte di un team innovativo e competente che avanza continuamente insieme all\u2019azienda. Vi invitiamo a consultare eventuali posizioni aperte presso Melioris.                   <\/p>\n                  <p><i class=\"uk-icon-plus green\"><\/i><\/p>\n                <\/div>\n              <\/div>\n            <\/a>\n\n            \n            <a href=\"http:\/\/www.melioris.ch\/it\/chi-siamo\/fornitori\/\" class=\"uk-panel uk-panel-box uk-margin-bottom\">\n              <div class=\"uk-grid uk-flex uk-flex-middle\">\n                <div class=\"uk-width-medium-1-4 uk-text-center\">\n                  <img decoding=\"async\" src=\"http:\/\/www.melioris.ch\/wp-content\/uploads\/2017\/09\/lieferanten.svg\" alt=\"\">\n                <\/div>\n                <div class=\"uk-width-medium-3-4\">\n                  <h3>\n                    Fornitori                  <\/h3>\n                  <p>\n                    Melioris \u00e8 costantemente alla ricerca dei migliori fornitori per tutte le posizioni di acquisto. Melioris seleziona solo i fornitori che offrono il miglior rapporto tra prestazione complessiva e costi, ecco perch\u00e9 il criterio decisivo non \u00e8 il miglior prezzo, ma il miglior prezzo considerando la qualit\u00e0 dei prodotti e dei servizi forniti.                   <\/p>\n                  <p><i class=\"uk-icon-plus green\"><\/i><\/p>\n                <\/div>\n              <\/div>\n            <\/a>\n\n                        <!-- end of the loop -->\n\n            <!-- pagination here -->\n          <\/div>\n\n          \n          \n          \n<\/div>\n<\/div><\/div><\/div><\/div><\/div>","protected":false},"excerpt":{"rendered":"<p>Modello Melioris \u00e8 una societ\u00e0 svizzera indipendente fondata a gennaio del 2004 che si occupa di consulenza agli acquisti. In qualit\u00e0 di rinomati specialisti negli acquisti, supportiamo i nostri clienti in un\u2019ampia gamma di temi riguardanti gli acquisti, con l\u2019obiettivo costante di apportare un valore aggiunto concreto e misurabile. Newsletter In questa pagina sono disponibili [&hellip;]<\/p>\n","protected":false},"author":4,"featured_media":3499,"parent":0,"menu_order":0,"comment_status":"closed","ping_status":"closed","template":"","meta":{"_acf_changed":false,"footnotes":""},"class_list":["post-2573","page","type-page","status-publish","has-post-thumbnail","hentry"],"acf":[],"aioseo_notices":[],"_links":{"self":[{"href":"http:\/\/www.melioris.ch\/it\/wp-json\/wp\/v2\/pages\/2573","targetHints":{"allow":["GET"]}}],"collection":[{"href":"http:\/\/www.melioris.ch\/it\/wp-json\/wp\/v2\/pages"}],"about":[{"href":"http:\/\/www.melioris.ch\/it\/wp-json\/wp\/v2\/types\/page"}],"author":[{"embeddable":true,"href":"http:\/\/www.melioris.ch\/it\/wp-json\/wp\/v2\/users\/4"}],"replies":[{"embeddable":true,"href":"http:\/\/www.melioris.ch\/it\/wp-json\/wp\/v2\/comments?post=2573"}],"version-history":[{"count":3,"href":"http:\/\/www.melioris.ch\/it\/wp-json\/wp\/v2\/pages\/2573\/revisions"}],"predecessor-version":[{"id":2791,"href":"http:\/\/www.melioris.ch\/it\/wp-json\/wp\/v2\/pages\/2573\/revisions\/2791"}],"wp:featuredmedia":[{"embeddable":true,"href":"http:\/\/www.melioris.ch\/it\/wp-json\/wp\/v2\/media\/3499"}],"wp:attachment":[{"href":"http:\/\/www.melioris.ch\/it\/wp-json\/wp\/v2\/media?parent=2573"}],"curies":[{"name":"wp","href":"https:\/\/api.w.org\/{rel}","templated":true}]}}