{"id":2730,"date":"2017-06-26T17:45:01","date_gmt":"2017-06-26T15:45:01","guid":{"rendered":"http:\/\/www.melioris.ch\/startseite\/"},"modified":"2024-10-11T11:43:53","modified_gmt":"2024-10-11T09:43:53","slug":"startseite","status":"publish","type":"page","link":"http:\/\/www.melioris.ch\/it\/","title":{"rendered":"Startseite"},"content":{"rendered":"<div id=\"pl-2730\"  class=\"panel-layout\" ><div id=\"pg-2730-0\"  class=\"panel-grid panel-no-style\" ><div id=\"pgc-2730-0-0\"  class=\"panel-grid-cell panel-grid-cell-empty\" ><\/div><div id=\"pgc-2730-0-1\"  class=\"panel-grid-cell panel-grid-cell-mobile-last\" ><div id=\"panel-2730-0-1-0\" class=\"so-panel widget widget_sow-editor panel-first-child panel-last-child\" data-index=\"0\" ><div\n\t\t\t\n\t\t\tclass=\"so-widget-sow-editor so-widget-sow-editor-base\"\n\t\t\t\n\t\t>\n<div class=\"siteorigin-widget-tinymce textwidget\">\n\t<p style=\"text-align: center;\"><span class=\"uk-h6\">Il vostro specialista acquisti<\/span><\/p>\n<h1 style=\"text-align: center;\">Melioris SA<\/h1>\n<p style=\"text-align: center;\">Fondata nel 2004, Melioris \u00e8 un\u2019azienda svizzera operante nella consulenza agli acquisti. Offriamo ai nostri clienti un know-how completo e solide conoscenze di mercato in tutti le <span class=\"TextRun SCXW14127310 BCX2\" lang=\"IT-CH\" xml:lang=\"IT-CH\" data-contrast=\"none\"><span class=\"NormalTextRun SCXW14127310 BCX2\">tem<\/span><\/span><span class=\"TrackChangeTextInsertion TrackedChange SCXW14127310 BCX2\"><span class=\"TextRun SCXW14127310 BCX2\" lang=\"IT-CH\" xml:lang=\"IT-CH\" data-contrast=\"none\"><span class=\"NormalTextRun SCXW14127310 BCX2\">atiche<\/span><\/span><\/span> riguardanti gli acquisti. Operiamo in assoluta indipendenza rispetto ai fornitori <span class=\"TextRun BCX2 SCXW14127310\" lang=\"IT-CH\" xml:lang=\"IT-CH\" data-contrast=\"none\"><span class=\"NormalTextRun BCX2 SCXW14127310\">e garantiamo l<\/span><\/span><span class=\"TrackChangeTextInsertion TrackedChange BCX2 SCXW14127310\"><span class=\"TextRun BCX2 SCXW14127310\" lang=\"IT-CH\" xml:lang=\"IT-CH\" data-contrast=\"none\"><span class=\"NormalTextRun BCX2 SCXW14127310\">a totale<\/span><\/span><\/span> obiettivit\u00e0 delle nostri analisi e raccomandazioni. Vi aiutiamo a tenere sotto controllo <span class=\"TextRun BCX2 SCXW14127310\" lang=\"IT-CH\" xml:lang=\"IT-CH\" data-contrast=\"none\"><span class=\"NormalTextRun BCX2 SCXW14127310\">le <\/span><\/span><span class=\"TrackChangeTextInsertion TrackedChange BCX2 SCXW14127310\"><span class=\"TextRun BCX2 SCXW14127310\" lang=\"IT-CH\" xml:lang=\"IT-CH\" data-contrast=\"none\"><span class=\"NormalTextRun BCX2 SCXW14127310\">vostre <\/span><\/span><\/span><span class=\"TextRun BCX2 SCXW14127310\" lang=\"IT-CH\" xml:lang=\"IT-CH\" data-contrast=\"none\"><span class=\"NormalTextRun BCX2 SCXW14127310\">spese<\/span><\/span>.<\/p>\n<\/div>\n<\/div><\/div><\/div><div id=\"pgc-2730-0-2\"  class=\"panel-grid-cell panel-grid-cell-empty\" ><\/div><\/div><div id=\"pg-2730-1\"  class=\"panel-grid panel-no-style\" ><div id=\"pgc-2730-1-0\"  class=\"panel-grid-cell\" ><div id=\"panel-2730-1-0-0\" class=\"so-panel widget widget_sow-editor panel-first-child panel-last-child\" data-index=\"1\" ><div\n\t\t\t\n\t\t\tclass=\"so-widget-sow-editor so-widget-sow-editor-base\"\n\t\t\t\n\t\t>\n<div class=\"siteorigin-widget-tinymce textwidget\">\n\t\n            \n            \n            <!-- pagination here -->\n            <div class=\"uk-width-1-1 uk-margin-top\" id=\"dienstleistungen\">\n              <div class=\"uk-grid uk-grid-width-medium-1-4 uk-width-small-1-1\" data-uk-margin>\n                <!-- the loop -->\n                \n                <a href=\"http:\/\/www.melioris.ch\/it\/servizi\/ottimizzazione-dei-costi\/\" class=\"uk-text-center\">\n                  <img decoding=\"async\" class=\"small\" src=\"http:\/\/www.melioris.ch\/wp-content\/uploads\/2017\/06\/coins.svg\" alt=\"\">\n                  <h4>Ottimizzazione dei costi<\/h4>\n                  <p>Conseguire un risparmio ottimizzando gli acquisti indiretti.<\/p>\n                <\/a>\n\n                \n                <a href=\"http:\/\/www.melioris.ch\/it\/servizi\/progetti-di-acquisto-2\/\" class=\"uk-text-center\">\n                  <img decoding=\"async\" class=\"small\" src=\"http:\/\/www.melioris.ch\/wp-content\/uploads\/2017\/06\/calendar.svg\" alt=\"\">\n                  <h4>Progetti di acquisto<\/h4>\n                  <p>Supporto nei processi di acquisto per le spese operative o in conto capitale.\r\n<\/p>\n                <\/a>\n\n                \n                <a href=\"http:\/\/www.melioris.ch\/it\/servizi\/consulenza-operativa\/\" class=\"uk-text-center\">\n                  <img decoding=\"async\" class=\"small\" src=\"http:\/\/www.melioris.ch\/wp-content\/uploads\/2017\/06\/pie-chart.svg\" alt=\"\">\n                  <h4>Consulenza operativa<\/h4>\n                  <p>Consulenza e supporto nei temi operativi riguardanti gli acquisti.\r\n<\/p>\n                <\/a>\n\n                \n                <a href=\"http:\/\/www.melioris.ch\/it\/servizi\/organizzazione-acquisti\/\" class=\"uk-text-center\">\n                  <img decoding=\"async\" class=\"small\" src=\"http:\/\/www.melioris.ch\/wp-content\/uploads\/2017\/06\/hierarchical-structure.svg\" alt=\"\">\n                  <h4>Organizzazione degli acquisti<\/h4>\n                  <p>Potenziamento della funzione di acquisto all\u2019interno della struttura aziendale.<\/p>\n                <\/a>\n\n                                <!-- end of the loop -->\n\n                <!-- pagination here -->\n              <\/div>\n            <\/div>\n\n            \n            \n            \n<\/div>\n<\/div><\/div><\/div><\/div><div id=\"pg-2730-2\"  class=\"panel-grid panel-has-style\" ><div class=\"siteorigin-panels-stretch panel-row-style panel-row-style-for-2730-2\" data-stretch-type=\"full\" ><div id=\"pgc-2730-2-0\"  class=\"panel-grid-cell\" ><div id=\"panel-2730-2-0-0\" class=\"so-panel widget widget_lsow-testimonials-slider panel-first-child panel-last-child\" data-index=\"2\" ><div\n\t\t\t\n\t\t\tclass=\"so-widget-lsow-testimonials-slider so-widget-lsow-testimonials-slider-default-d75171398898-2589\"\n\t\t\t\n\t\t>\n<div class=\"lsow-testimonials-slider lsow-flexslider lsow-container\" data-settings='{&quot;slide_animation&quot;:&quot;slide&quot;,&quot;direction&quot;:&quot;horizontal&quot;,&quot;slideshow_speed&quot;:9000,&quot;animation_speed&quot;:600,&quot;control_nav&quot;:true,&quot;direction_nav&quot;:&quot;&quot;,&quot;pause_on_hover&quot;:&quot;&quot;,&quot;pause_on_action&quot;:&quot;&quot;}'><div class=\"lsow-slides\"><div class=\"lsow-slide lsow-testimonial-wrapper\"><div class=\"lsow-testimonial\"><div class=\"lsow-testimonial-text\"><i class=\"lsow-icon-quote\"><\/i>\u00abLe aspettative sui risparmi ottenuti sono state ampiamente superate.\u00bb<\/div><div class=\"lsow-testimonial-user\"><div class=\"lsow-image-wrapper\"><img loading=\"lazy\" decoding=\"async\" width=\"150\" height=\"25\" src=\"http:\/\/www.melioris.ch\/wp-content\/uploads\/2017\/12\/Varioprint-150x25.png\" class=\"lsow-image full\" alt=\"Logo Varioprint\" srcset=\"http:\/\/www.melioris.ch\/wp-content\/uploads\/2017\/12\/Varioprint-150x25.png 150w, http:\/\/www.melioris.ch\/wp-content\/uploads\/2017\/12\/Varioprint.png 350w\" sizes=\"auto, (max-width: 150px) 100vw, 150px\" \/><\/div><!-- .lsow-image-wrapper --><div class=\"lsow-text\"><h3 class=\"lsow-author-name\">Daniel Halter<\/h3><div class=\"lsow-author-credentials\">\u00a0Responsabile Acquisti e IT, membro della direzione<\/div><\/div><\/div><!-- .lsow-testimonial-user --><\/div><!-- .lsow-testimonial --><\/div><!-- .lsow-testimonial-wrapper.lsow-slide --><div class=\"lsow-slide lsow-testimonial-wrapper\"><div class=\"lsow-testimonial\"><div class=\"lsow-testimonial-text\"><i class=\"lsow-icon-quote\"><\/i>\u00abLa valutazione espressa da Melioris riguardo ai tempi da noi impiegati si \u00e8 rivelata pressoch\u00e9 esatta. Complessivamente si pu\u00f2 dire che \u00e8 stato raggiunto tanto profitto con un minimo sforzo.\u00bb<\/div><div class=\"lsow-testimonial-user\"><div class=\"lsow-image-wrapper\"><img loading=\"lazy\" decoding=\"async\" width=\"143\" height=\"150\" src=\"http:\/\/www.melioris.ch\/wp-content\/uploads\/2017\/12\/Robatech-143x150.gif\" class=\"lsow-image full\" alt=\"\" \/><\/div><!-- .lsow-image-wrapper --><div class=\"lsow-text\"><h3 class=\"lsow-author-name\">Patrick Gr\u00e4nacher<\/h3><div class=\"lsow-author-credentials\">\u00a0COO<\/div><\/div><\/div><!-- .lsow-testimonial-user --><\/div><!-- .lsow-testimonial --><\/div><!-- .lsow-testimonial-wrapper.lsow-slide --><div class=\"lsow-slide lsow-testimonial-wrapper\"><div class=\"lsow-testimonial\"><div class=\"lsow-testimonial-text\"><i class=\"lsow-icon-quote\"><\/i>\u00abApprezzo il rapporto serio e leale dei consulenti di Melioris con i fornitori.\u00bb<\/div><div class=\"lsow-testimonial-user\"><div class=\"lsow-image-wrapper\"><img loading=\"lazy\" decoding=\"async\" width=\"150\" height=\"85\" src=\"http:\/\/www.melioris.ch\/wp-content\/uploads\/2017\/12\/VAC-150x85.png\" class=\"lsow-image full\" alt=\"Logo Vac\" srcset=\"http:\/\/www.melioris.ch\/wp-content\/uploads\/2017\/12\/VAC-150x85.png 150w, http:\/\/www.melioris.ch\/wp-content\/uploads\/2017\/12\/VAC.png 350w\" sizes=\"auto, (max-width: 150px) 100vw, 150px\" \/><\/div><!-- .lsow-image-wrapper --><div class=\"lsow-text\"><h3 class=\"lsow-author-name\">Marius Meijer<\/h3><div class=\"lsow-author-credentials\">\u00a0Amministratore delegato<\/div><\/div><\/div><!-- .lsow-testimonial-user --><\/div><!-- .lsow-testimonial --><\/div><!-- .lsow-testimonial-wrapper.lsow-slide --><div class=\"lsow-slide lsow-testimonial-wrapper\"><div class=\"lsow-testimonial\"><div class=\"lsow-testimonial-text\"><i class=\"lsow-icon-quote\"><\/i>\u00abNon solo sono soddisfatto del volume di risparmi ottenuti grazie a Melioris, posso anche confermare che \u00e8 stata mantenuta la qualit\u00e0 dei nostri acquisti.\u00bb<\/div><div class=\"lsow-testimonial-user\"><div class=\"lsow-image-wrapper\"><img loading=\"lazy\" decoding=\"async\" width=\"150\" height=\"94\" src=\"http:\/\/www.melioris.ch\/wp-content\/uploads\/2017\/12\/Isover-Saint-Gobain-150x94.png\" class=\"lsow-image full\" alt=\"Logo Isover Saint-Gobain\" srcset=\"http:\/\/www.melioris.ch\/wp-content\/uploads\/2017\/12\/Isover-Saint-Gobain-150x94.png 150w, http:\/\/www.melioris.ch\/wp-content\/uploads\/2017\/12\/Isover-Saint-Gobain.png 350w\" sizes=\"auto, (max-width: 150px) 100vw, 150px\" \/><\/div><!-- .lsow-image-wrapper --><div class=\"lsow-text\"><h3 class=\"lsow-author-name\">J\u00e9r\u00f4me Saulnier<\/h3><div class=\"lsow-author-credentials\">\u00a0Plant Manager<\/div><\/div><\/div><!-- .lsow-testimonial-user --><\/div><!-- .lsow-testimonial --><\/div><!-- .lsow-testimonial-wrapper.lsow-slide --><div class=\"lsow-slide lsow-testimonial-wrapper\"><div class=\"lsow-testimonial\"><div class=\"lsow-testimonial-text\"><i class=\"lsow-icon-quote\"><\/i>\u00abI risultati di alcune posizioni ci hanno davvero sorpreso positivamente. Mi riferisco anche ai costi di telecomunicazione e logistica.\u00bb<\/div><div class=\"lsow-testimonial-user\"><div class=\"lsow-image-wrapper\"><img loading=\"lazy\" decoding=\"async\" width=\"150\" height=\"69\" src=\"http:\/\/www.melioris.ch\/wp-content\/uploads\/2017\/12\/Matisa-150x69.png\" class=\"lsow-image full\" alt=\"Logo Matisa\" srcset=\"http:\/\/www.melioris.ch\/wp-content\/uploads\/2017\/12\/Matisa-150x69.png 150w, http:\/\/www.melioris.ch\/wp-content\/uploads\/2017\/12\/Matisa.png 350w\" sizes=\"auto, (max-width: 150px) 100vw, 150px\" \/><\/div><!-- .lsow-image-wrapper --><div class=\"lsow-text\"><h3 class=\"lsow-author-name\">Philippe Carrard<\/h3><div class=\"lsow-author-credentials\">\u00a0Responsabile delle finanze<\/div><\/div><\/div><!-- .lsow-testimonial-user --><\/div><!-- .lsow-testimonial --><\/div><!-- .lsow-testimonial-wrapper.lsow-slide --><div class=\"lsow-slide lsow-testimonial-wrapper\"><div class=\"lsow-testimonial\"><div class=\"lsow-testimonial-text\"><i class=\"lsow-icon-quote\"><\/i>\u00abSiamo molto soddisfatti dei risultati ottenuti con l\u2019ottimizzazione. La nostra esperienza ci dice che l\u2019azienda Melioris \u00e8 un partner di grande competenza.\u00bb<\/div><div class=\"lsow-testimonial-user\"><div class=\"lsow-image-wrapper\"><img loading=\"lazy\" decoding=\"async\" width=\"150\" height=\"38\" src=\"http:\/\/www.melioris.ch\/wp-content\/uploads\/2017\/12\/Schulthess-150x38.png\" class=\"lsow-image full\" alt=\"Logo Schulthess\" srcset=\"http:\/\/www.melioris.ch\/wp-content\/uploads\/2017\/12\/Schulthess-150x38.png 150w, http:\/\/www.melioris.ch\/wp-content\/uploads\/2017\/12\/Schulthess.png 350w\" sizes=\"auto, (max-width: 150px) 100vw, 150px\" \/><\/div><!-- .lsow-image-wrapper --><div class=\"lsow-text\"><h3 class=\"lsow-author-name\">Gion A. Huonder<\/h3><div class=\"lsow-author-credentials\">\u00a0Responsabile Produzione e Logistica<\/div><\/div><\/div><!-- .lsow-testimonial-user --><\/div><!-- .lsow-testimonial --><\/div><!-- .lsow-testimonial-wrapper.lsow-slide --><\/div><!-- .lsow-slides --><\/div><!-- .lsow-testimonials-slider --><\/div><\/div><\/div><\/div><\/div><div id=\"pg-2730-3\"  class=\"panel-grid panel-has-style\" ><div class=\"siteorigin-panels-stretch panel-row-style panel-row-style-for-2730-3\" id=\"logos\" data-stretch-type=\"full\" ><div id=\"pgc-2730-3-0\"  class=\"panel-grid-cell\" ><div id=\"panel-2730-3-0-0\" class=\"so-panel widget widget_lsow-carousel panel-first-child panel-last-child\" data-index=\"3\" ><div\n\t\t\t\n\t\t\tclass=\"so-widget-lsow-carousel so-widget-lsow-carousel-default-687b2392d233-2589\"\n\t\t\t\n\t\t><p class=\"uk-h6 uk-margin-top uk-margin-bottom-remove uk-text-center widget-title\">Alcune recensioni dei nostri clienti<\/p><div id=\"lsow-carousel-lsow-carousel-1\" class=\"lsow-carousel lsow-container\" data-settings='{&quot;arrows&quot;:true,&quot;autoplay&quot;:true,&quot;autoplay_speed&quot;:8900,&quot;animation_speed&quot;:600,&quot;display_columns&quot;:5,&quot;scroll_columns&quot;:5,&quot;gutter&quot;:30,&quot;so_field_container_state&quot;:&quot;open&quot;,&quot;dots&quot;:false,&quot;pause_on_hover&quot;:false,&quot;tablet_width&quot;:800,&quot;tablet_display_columns&quot;:3,&quot;tablet_scroll_columns&quot;:3,&quot;mobile_width&quot;:480,&quot;mobile_display_columns&quot;:2,&quot;mobile_scroll_columns&quot;:2}'><div class=\"lsow-carousel-item\"><p><img loading=\"lazy\" decoding=\"async\" class=\"alignnone size-full wp-image-935\" src=\"http:\/\/www.melioris.ch\/wp-content\/uploads\/2017\/12\/Alesa.png\" alt=\"\" width=\"350\" height=\"204\" srcset=\"http:\/\/www.melioris.ch\/wp-content\/uploads\/2017\/12\/Alesa.png 350w, http:\/\/www.melioris.ch\/wp-content\/uploads\/2017\/12\/Alesa-150x87.png 150w\" sizes=\"auto, (max-width: 350px) 100vw, 350px\" \/><\/p><\/div><!-- .lsow-carousel-item --><div class=\"lsow-carousel-item\"><p><img loading=\"lazy\" decoding=\"async\" class=\"alignnone size-full wp-image-948\" src=\"http:\/\/www.melioris.ch\/wp-content\/uploads\/2017\/12\/Cilander.jpg\" alt=\"\" width=\"350\" height=\"291\" srcset=\"http:\/\/www.melioris.ch\/wp-content\/uploads\/2017\/12\/Cilander.jpg 350w, http:\/\/www.melioris.ch\/wp-content\/uploads\/2017\/12\/Cilander-150x125.jpg 150w\" sizes=\"auto, (max-width: 350px) 100vw, 350px\" \/><\/p><\/div><!-- .lsow-carousel-item --><div class=\"lsow-carousel-item\"><p><img loading=\"lazy\" decoding=\"async\" class=\"alignnone size-full wp-image-2304\" src=\"http:\/\/www.melioris.ch\/wp-content\/uploads\/2018\/02\/Conforama.png\" alt=\"Logo Conforama\" width=\"333\" height=\"151\" srcset=\"http:\/\/www.melioris.ch\/wp-content\/uploads\/2018\/02\/Conforama.png 333w, http:\/\/www.melioris.ch\/wp-content\/uploads\/2018\/02\/Conforama-150x68.png 150w\" sizes=\"auto, (max-width: 333px) 100vw, 333px\" \/><\/p><\/div><!-- .lsow-carousel-item --><div class=\"lsow-carousel-item\"><p><img loading=\"lazy\" decoding=\"async\" class=\"alignnone size-full wp-image-988\" src=\"http:\/\/www.melioris.ch\/wp-content\/uploads\/2017\/12\/Haenseler.png\" alt=\"\" width=\"350\" height=\"90\" srcset=\"http:\/\/www.melioris.ch\/wp-content\/uploads\/2017\/12\/Haenseler.png 350w, http:\/\/www.melioris.ch\/wp-content\/uploads\/2017\/12\/Haenseler-150x39.png 150w\" sizes=\"auto, (max-width: 350px) 100vw, 350px\" \/><\/p><\/div><!-- .lsow-carousel-item --><div class=\"lsow-carousel-item\"><p><img loading=\"lazy\" decoding=\"async\" class=\"alignnone size-full wp-image-981\" src=\"http:\/\/www.melioris.ch\/wp-content\/uploads\/2017\/12\/Fritzschiess.png\" alt=\"\" width=\"350\" height=\"40\" srcset=\"http:\/\/www.melioris.ch\/wp-content\/uploads\/2017\/12\/Fritzschiess.png 350w, http:\/\/www.melioris.ch\/wp-content\/uploads\/2017\/12\/Fritzschiess-150x17.png 150w\" sizes=\"auto, (max-width: 350px) 100vw, 350px\" \/><\/p><\/div><!-- .lsow-carousel-item --><div class=\"lsow-carousel-item\"><p><img loading=\"lazy\" decoding=\"async\" class=\"alignnone size-full wp-image-982\" src=\"http:\/\/www.melioris.ch\/wp-content\/uploads\/2017\/12\/Garaventa.jpg\" alt=\"\" width=\"350\" height=\"75\" srcset=\"http:\/\/www.melioris.ch\/wp-content\/uploads\/2017\/12\/Garaventa.jpg 350w, http:\/\/www.melioris.ch\/wp-content\/uploads\/2017\/12\/Garaventa-150x32.jpg 150w\" sizes=\"auto, (max-width: 350px) 100vw, 350px\" \/><\/p><\/div><!-- .lsow-carousel-item --><div class=\"lsow-carousel-item\"><p><img loading=\"lazy\" decoding=\"async\" class=\"alignnone size-full wp-image-1023\" src=\"http:\/\/www.melioris.ch\/wp-content\/uploads\/2017\/12\/Mobility.png\" alt=\"\" width=\"350\" height=\"140\" srcset=\"http:\/\/www.melioris.ch\/wp-content\/uploads\/2017\/12\/Mobility.png 350w, http:\/\/www.melioris.ch\/wp-content\/uploads\/2017\/12\/Mobility-150x60.png 150w\" sizes=\"auto, (max-width: 350px) 100vw, 350px\" \/><\/p><\/div><!-- .lsow-carousel-item --><div class=\"lsow-carousel-item\"><p><img loading=\"lazy\" decoding=\"async\" class=\"alignnone size-full wp-image-1038\" src=\"http:\/\/www.melioris.ch\/wp-content\/uploads\/2017\/12\/Reishauer.png\" alt=\"\" width=\"350\" height=\"149\" srcset=\"http:\/\/www.melioris.ch\/wp-content\/uploads\/2017\/12\/Reishauer.png 350w, http:\/\/www.melioris.ch\/wp-content\/uploads\/2017\/12\/Reishauer-150x64.png 150w\" sizes=\"auto, (max-width: 350px) 100vw, 350px\" \/><\/p><\/div><!-- .lsow-carousel-item --><div class=\"lsow-carousel-item\"><p><img loading=\"lazy\" decoding=\"async\" class=\"alignnone size-full wp-image-2127\" src=\"http:\/\/www.melioris.ch\/wp-content\/uploads\/2018\/01\/Sacac.png\" alt=\"\" width=\"228\" height=\"71\" srcset=\"http:\/\/www.melioris.ch\/wp-content\/uploads\/2018\/01\/Sacac.png 228w, http:\/\/www.melioris.ch\/wp-content\/uploads\/2018\/01\/Sacac-150x47.png 150w\" sizes=\"auto, (max-width: 228px) 100vw, 228px\" \/><\/p><\/div><!-- .lsow-carousel-item --><div class=\"lsow-carousel-item\"><p><img loading=\"lazy\" decoding=\"async\" class=\"alignnone size-full wp-image-1058\" src=\"http:\/\/www.melioris.ch\/wp-content\/uploads\/2017\/12\/Stoeckli.jpg\" alt=\"\" width=\"350\" height=\"83\" \/><\/p><\/div><!-- .lsow-carousel-item --><div class=\"lsow-carousel-item\"><p><img loading=\"lazy\" decoding=\"async\" class=\"alignnone wp-image-1820 size-full\" src=\"http:\/\/www.melioris.ch\/wp-content\/uploads\/2018\/01\/Stryker-2.jpg\" alt=\"\" width=\"327\" height=\"154\" srcset=\"http:\/\/www.melioris.ch\/wp-content\/uploads\/2018\/01\/Stryker-2.jpg 327w, http:\/\/www.melioris.ch\/wp-content\/uploads\/2018\/01\/Stryker-2-150x71.jpg 150w\" sizes=\"auto, (max-width: 327px) 100vw, 327px\" \/><\/p>\n<\/div><!-- .lsow-carousel-item --><div class=\"lsow-carousel-item\"><p><img loading=\"lazy\" decoding=\"async\" class=\"alignnone size-full wp-image-2300\" src=\"http:\/\/www.melioris.ch\/wp-content\/uploads\/2018\/02\/Rio-Tinto-Alcan-1.png\" alt=\"Logo Rio Tinto Alcan\" width=\"250\" height=\"30\" srcset=\"http:\/\/www.melioris.ch\/wp-content\/uploads\/2018\/02\/Rio-Tinto-Alcan-1.png 250w, http:\/\/www.melioris.ch\/wp-content\/uploads\/2018\/02\/Rio-Tinto-Alcan-1-150x18.png 150w\" sizes=\"auto, (max-width: 250px) 100vw, 250px\" \/><\/p><\/div><!-- .lsow-carousel-item --><div class=\"lsow-carousel-item\"><p><img loading=\"lazy\" decoding=\"async\" class=\"alignnone size-full wp-image-1067\" src=\"http:\/\/www.melioris.ch\/wp-content\/uploads\/2017\/12\/Tobler.jpg\" alt=\"\" width=\"350\" height=\"79\" \/><\/p><\/div><!-- .lsow-carousel-item --><div class=\"lsow-carousel-item\"><p><img loading=\"lazy\" decoding=\"async\" class=\"alignnone size-full wp-image-1070\" src=\"http:\/\/www.melioris.ch\/wp-content\/uploads\/2017\/12\/Trisa.png\" alt=\"\" width=\"350\" height=\"136\" srcset=\"http:\/\/www.melioris.ch\/wp-content\/uploads\/2017\/12\/Trisa.png 350w, http:\/\/www.melioris.ch\/wp-content\/uploads\/2017\/12\/Trisa-150x58.png 150w\" sizes=\"auto, (max-width: 350px) 100vw, 350px\" \/><\/p><\/div><!-- .lsow-carousel-item --><div class=\"lsow-carousel-item\"><p><img loading=\"lazy\" decoding=\"async\" class=\"alignnone size-full wp-image-1079\" src=\"http:\/\/www.melioris.ch\/wp-content\/uploads\/2017\/12\/Vifor-Pharma.jpg\" alt=\"\" width=\"350\" height=\"74\" srcset=\"http:\/\/www.melioris.ch\/wp-content\/uploads\/2017\/12\/Vifor-Pharma.jpg 350w, http:\/\/www.melioris.ch\/wp-content\/uploads\/2017\/12\/Vifor-Pharma-150x32.jpg 150w\" sizes=\"auto, (max-width: 350px) 100vw, 350px\" \/><\/p><\/div><!-- .lsow-carousel-item --><\/div><!-- .lsow-carousel --><\/div><\/div><\/div><\/div><\/div><\/div>","protected":false},"excerpt":{"rendered":"<p>Il vostro specialista acquisti Melioris SA Fondata nel 2004, Melioris \u00e8 un\u2019azienda svizzera operante nella consulenza agli acquisti. Offriamo ai nostri clienti un know-how completo e solide conoscenze di mercato in tutti le tematiche riguardanti gli acquisti. Operiamo in assoluta indipendenza rispetto ai fornitori e garantiamo la totale obiettivit\u00e0 delle nostri analisi e raccomandazioni. Vi [&hellip;]<\/p>\n","protected":false},"author":1,"featured_media":2731,"parent":0,"menu_order":0,"comment_status":"closed","ping_status":"open","template":"","meta":{"_acf_changed":false,"footnotes":""},"class_list":["post-2730","page","type-page","status-publish","has-post-thumbnail","hentry"],"acf":[],"aioseo_notices":[],"_links":{"self":[{"href":"http:\/\/www.melioris.ch\/it\/wp-json\/wp\/v2\/pages\/2730","targetHints":{"allow":["GET"]}}],"collection":[{"href":"http:\/\/www.melioris.ch\/it\/wp-json\/wp\/v2\/pages"}],"about":[{"href":"http:\/\/www.melioris.ch\/it\/wp-json\/wp\/v2\/types\/page"}],"author":[{"embeddable":true,"href":"http:\/\/www.melioris.ch\/it\/wp-json\/wp\/v2\/users\/1"}],"replies":[{"embeddable":true,"href":"http:\/\/www.melioris.ch\/it\/wp-json\/wp\/v2\/comments?post=2730"}],"version-history":[{"count":5,"href":"http:\/\/www.melioris.ch\/it\/wp-json\/wp\/v2\/pages\/2730\/revisions"}],"predecessor-version":[{"id":3405,"href":"http:\/\/www.melioris.ch\/it\/wp-json\/wp\/v2\/pages\/2730\/revisions\/3405"}],"wp:featuredmedia":[{"embeddable":true,"href":"http:\/\/www.melioris.ch\/it\/wp-json\/wp\/v2\/media\/2731"}],"wp:attachment":[{"href":"http:\/\/www.melioris.ch\/it\/wp-json\/wp\/v2\/media?parent=2730"}],"curies":[{"name":"wp","href":"https:\/\/api.w.org\/{rel}","templated":true}]}}