{"id":2575,"date":"2019-11-12T15:48:46","date_gmt":"2019-11-12T14:48:46","guid":{"rendered":"http:\/\/www.melioris.ch\/?page_id=2575"},"modified":"2025-01-03T12:31:28","modified_gmt":"2025-01-03T11:31:28","slug":"modello","status":"publish","type":"page","link":"https:\/\/www.melioris.ch\/it\/chi-siamo\/modello\/","title":{"rendered":"Modello"},"content":{"rendered":"<div id=\"pl-2575\"  class=\"panel-layout\" ><div id=\"pg-2575-0\"  class=\"panel-grid panel-no-style\" ><div id=\"pgc-2575-0-0\"  class=\"panel-grid-cell\" ><div id=\"panel-2575-0-0-0\" class=\"so-panel widget widget_sow-editor panel-first-child panel-last-child\" data-index=\"0\" ><div\n\t\t\t\n\t\t\tclass=\"so-widget-sow-editor so-widget-sow-editor-base\"\n\t\t\t\n\t\t>\n<div class=\"siteorigin-widget-tinymce textwidget\">\n\t<p><strong>Fondata a gennaio del 2004, Melioris \u00e8 una societ\u00e0 svizzera indipendente che si occupa di consulenza agli acquisti. In qualit\u00e0 di rinomati specialisti in acquisti, supportiamo i nostri clienti in un\u2019ampia gamma di temi riguardanti gli acquisti con l\u2019obiettivo costante di apportare un valore aggiunto concreto e misurabile.<\/strong><\/p>\n<p>Melioris opera con dipendenti fissi e con collaboratori in attivo per lo pi\u00f9 da diversi anni che lavorano presso due sedi: Baar nella svizzera tedesca e Gland nella Romandia. Offriamo supporto a un\u2019ampia gamma di clienti in Svizzera e in Europa, sia nel settore privato che in quello pubblico.<\/p>\n<p>Lealt\u00e0 e trasparenza sono i nostri valori principali. Nei confronti dei nostri clienti e collaboratori, ma anche nei confronti dei fornitori. Siamo completamente indipendenti dai fornitori e operiamo esclusivamente nell\u2019interesse dei nostri clienti, tuttavia consideriamo le relazioni con i diversi fornitori un partenariato costruttivo, attraverso il quale sia il fornitore che il cliente apportano il loro contributo.<\/p>\n<p><span class=\"uk-h4 green\">La soddisfazione dei nostri clienti \u00e8 la nostra filosofia di fondo, il nostro motore e la base dei numerosi successi che raccogliamo da anni.<\/span><\/p>\n<\/div>\n<\/div><\/div><\/div><\/div><\/div>","protected":false},"excerpt":{"rendered":"<p>Fondata a gennaio del 2004, Melioris \u00e8 una societ\u00e0 svizzera indipendente che si occupa di consulenza agli acquisti. In qualit\u00e0 di rinomati specialisti in acquisti, supportiamo i nostri clienti in un\u2019ampia gamma di temi riguardanti gli acquisti con l\u2019obiettivo costante di apportare un valore aggiunto concreto e misurabile. Melioris opera con dipendenti fissi e con [&hellip;]<\/p>\n","protected":false},"author":1,"featured_media":2153,"parent":2573,"menu_order":1,"comment_status":"closed","ping_status":"closed","template":"","meta":{"_acf_changed":false,"footnotes":""},"class_list":["post-2575","page","type-page","status-publish","has-post-thumbnail","hentry"],"acf":[],"aioseo_notices":[],"_links":{"self":[{"href":"https:\/\/www.melioris.ch\/it\/wp-json\/wp\/v2\/pages\/2575","targetHints":{"allow":["GET"]}}],"collection":[{"href":"https:\/\/www.melioris.ch\/it\/wp-json\/wp\/v2\/pages"}],"about":[{"href":"https:\/\/www.melioris.ch\/it\/wp-json\/wp\/v2\/types\/page"}],"author":[{"embeddable":true,"href":"https:\/\/www.melioris.ch\/it\/wp-json\/wp\/v2\/users\/1"}],"replies":[{"embeddable":true,"href":"https:\/\/www.melioris.ch\/it\/wp-json\/wp\/v2\/comments?post=2575"}],"version-history":[{"count":5,"href":"https:\/\/www.melioris.ch\/it\/wp-json\/wp\/v2\/pages\/2575\/revisions"}],"predecessor-version":[{"id":3515,"href":"https:\/\/www.melioris.ch\/it\/wp-json\/wp\/v2\/pages\/2575\/revisions\/3515"}],"up":[{"embeddable":true,"href":"https:\/\/www.melioris.ch\/it\/wp-json\/wp\/v2\/pages\/2573"}],"wp:featuredmedia":[{"embeddable":true,"href":"https:\/\/www.melioris.ch\/it\/wp-json\/wp\/v2\/media\/2153"}],"wp:attachment":[{"href":"https:\/\/www.melioris.ch\/it\/wp-json\/wp\/v2\/media?parent=2575"}],"curies":[{"name":"wp","href":"https:\/\/api.w.org\/{rel}","templated":true}]}}